{"id":4314,"date":"2024-09-27T15:23:35","date_gmt":"2024-09-27T15:23:35","guid":{"rendered":"https:\/\/agrupamentonisa.edu.gov.pt\/site\/?page_id=4314"},"modified":"2024-09-27T15:28:25","modified_gmt":"2024-09-27T15:28:25","slug":"concursos","status":"publish","type":"page","link":"https:\/\/agrupamentonisa.edu.gov.pt\/site\/concursos\/","title":{"rendered":"Concursos"},"content":{"rendered":"\t\t<div data-elementor-type=\"wp-page\" data-elementor-id=\"4314\" class=\"elementor elementor-4314\" data-elementor-post-type=\"page\">\n\t\t\t\t<div class=\"elementor-element elementor-element-f432fbf e-con-full e-flex elementor-invisible e-con e-parent\" data-id=\"f432fbf\" data-element_type=\"container\" data-e-type=\"container\" data-settings=\"{&quot;animation&quot;:&quot;fadeInLeft&quot;,&quot;background_background&quot;:&quot;classic&quot;}\">\n\t\t\t\t<div class=\"elementor-element elementor-element-b7731c3 elementor-widget elementor-widget-heading\" data-id=\"b7731c3\" data-element_type=\"widget\" data-e-type=\"widget\" data-widget_type=\"heading.default\">\n\t\t\t\t<div class=\"elementor-widget-container\">\n\t\t\t\t\t<h2 class=\"elementor-heading-title elementor-size-default\">Concursos<\/h2>\t\t\t\t<\/div>\n\t\t\t\t<\/div>\n\t\t\t\t<\/div>\n\t\t<div class=\"elementor-element elementor-element-89b3400 e-con-full e-flex elementor-invisible e-con e-parent\" data-id=\"89b3400\" data-element_type=\"container\" data-e-type=\"container\" data-settings=\"{&quot;animation&quot;:&quot;fadeInUp&quot;}\">\n\t\t\t\t<div class=\"elementor-element elementor-element-6056c7c elementor-grid-1 elementor-posts--thumbnail-none elementor-grid-tablet-2 elementor-grid-mobile-1 elementor-widget elementor-widget-posts\" data-id=\"6056c7c\" data-element_type=\"widget\" data-e-type=\"widget\" data-settings=\"{&quot;classic_columns&quot;:&quot;1&quot;,&quot;classic_columns_tablet&quot;:&quot;2&quot;,&quot;classic_columns_mobile&quot;:&quot;1&quot;,&quot;classic_row_gap&quot;:{&quot;unit&quot;:&quot;px&quot;,&quot;size&quot;:35,&quot;sizes&quot;:[]},&quot;classic_row_gap_tablet&quot;:{&quot;unit&quot;:&quot;px&quot;,&quot;size&quot;:&quot;&quot;,&quot;sizes&quot;:[]},&quot;classic_row_gap_mobile&quot;:{&quot;unit&quot;:&quot;px&quot;,&quot;size&quot;:&quot;&quot;,&quot;sizes&quot;:[]}}\" data-widget_type=\"posts.classic\">\n\t\t\t\t<div class=\"elementor-widget-container\">\n\t\t\t\t\t\t\t<div class=\"elementor-posts-container elementor-posts elementor-posts--skin-classic elementor-grid\" role=\"list\">\n\t\t\t\t<article class=\"elementor-post elementor-grid-item post-5327 post type-post status-publish format-standard hentry category-acontece category-concursos category-projects\" role=\"listitem\">\n\t\t\t\t<div class=\"elementor-post__text\">\n\t\t\t\t<h2 class=\"elementor-post__title\">\n\t\t\t<a href=\"https:\/\/agrupamentonisa.edu.gov.pt\/site\/contratacao-de-escola-2025-2026-5\/\" >\n\t\t\t\tContrata\u00e7\u00e3o de Escola 2025\/2026 \u2013 Grupo 330: Ingl\u00eas\t\t\t<\/a>\n\t\t<\/h2>\n\t\t\t\t<div class=\"elementor-post__meta-data\">\n\t\t\t\t\t<span class=\"elementor-post-date\">\n\t\t\t22 de Janeiro, 2026\t\t<\/span>\n\t\t\t\t<\/div>\n\t\t\t\t<div class=\"elementor-post__excerpt\">\n\t\t\t<p>O Agrupamento de Escolas de Nisa informa que est\u00e1 a concurso a termo resolutivo incerto, um hor\u00e1rio para o grupo<\/p>\n\t\t<\/div>\n\t\t\t\t\t<div class=\"elementor-post__read-more-wrapper\">\n\t\t\n\t\t<a class=\"elementor-post__read-more\" href=\"https:\/\/agrupamentonisa.edu.gov.pt\/site\/contratacao-de-escola-2025-2026-5\/\" aria-label=\"Read more about Contrata\u00e7\u00e3o de Escola 2025\/2026 \u2013 Grupo 330: Ingl\u00eas\" tabindex=\"-1\" >\n\t\t\tConsulte aqui artigo completo\t\t<\/a>\n\n\t\t\t\t\t<\/div>\n\t\t\t\t<\/div>\n\t\t\t\t<\/article>\n\t\t\t\t<article class=\"elementor-post elementor-grid-item post-5042 post type-post status-publish format-standard hentry category-acontece category-concursos category-projects\" role=\"listitem\">\n\t\t\t\t<div class=\"elementor-post__text\">\n\t\t\t\t<h2 class=\"elementor-post__title\">\n\t\t\t<a href=\"https:\/\/agrupamentonisa.edu.gov.pt\/site\/lista-final-de-classificacao-do-concurso-externo-para-professor-bibliotecario\/\" >\n\t\t\t\tLista Final de Classifica\u00e7\u00e3o do Concurso Externo para Professor Bibliotec\u00e1rio\t\t\t<\/a>\n\t\t<\/h2>\n\t\t\t\t<div class=\"elementor-post__meta-data\">\n\t\t\t\t\t<span class=\"elementor-post-date\">\n\t\t\t15 de Julho, 2025\t\t<\/span>\n\t\t\t\t<\/div>\n\t\t\t\t<div class=\"elementor-post__excerpt\">\n\t\t\t<p>Nos termos da portaria 192-A\/2015 publicita-se a lista final de classifica\u00e7\u00e3o dos candidatos a Professor Bibliotec\u00e1rio. Consulte o documento<\/p>\n\t\t<\/div>\n\t\t\t\t\t<div class=\"elementor-post__read-more-wrapper\">\n\t\t\n\t\t<a class=\"elementor-post__read-more\" href=\"https:\/\/agrupamentonisa.edu.gov.pt\/site\/lista-final-de-classificacao-do-concurso-externo-para-professor-bibliotecario\/\" aria-label=\"Read more about Lista Final de Classifica\u00e7\u00e3o do Concurso Externo para Professor Bibliotec\u00e1rio\" tabindex=\"-1\" >\n\t\t\tConsulte aqui artigo completo\t\t<\/a>\n\n\t\t\t\t\t<\/div>\n\t\t\t\t<\/div>\n\t\t\t\t<\/article>\n\t\t\t\t<article class=\"elementor-post elementor-grid-item post-4388 post type-post status-publish format-standard hentry category-concursos category-projects\" role=\"listitem\">\n\t\t\t\t<div class=\"elementor-post__text\">\n\t\t\t\t<h2 class=\"elementor-post__title\">\n\t\t\t<a href=\"https:\/\/agrupamentonisa.edu.gov.pt\/site\/contratacao-de-escola-2024-2025-grupo-100-educacao-pre-escolar-3\/\" >\n\t\t\t\tContrata\u00e7\u00e3o de Escola \u2013 2024\/2025 Grupo 100 Educa\u00e7\u00e3o Pr\u00e9-Escolar\t\t\t<\/a>\n\t\t<\/h2>\n\t\t\t\t<div class=\"elementor-post__meta-data\">\n\t\t\t\t\t<span class=\"elementor-post-date\">\n\t\t\t18 de Outubro, 2024\t\t<\/span>\n\t\t\t\t<\/div>\n\t\t\t\t<div class=\"elementor-post__excerpt\">\n\t\t\t<p>O Agrupamento de Escolas de Nisa informa que est\u00e3o a concurso a termo resolutivo certo, um hor\u00e1rio para o seguinte<\/p>\n\t\t<\/div>\n\t\t\t\t\t<div class=\"elementor-post__read-more-wrapper\">\n\t\t\n\t\t<a class=\"elementor-post__read-more\" href=\"https:\/\/agrupamentonisa.edu.gov.pt\/site\/contratacao-de-escola-2024-2025-grupo-100-educacao-pre-escolar-3\/\" aria-label=\"Read more about Contrata\u00e7\u00e3o de Escola \u2013 2024\/2025 Grupo 100 Educa\u00e7\u00e3o Pr\u00e9-Escolar\" tabindex=\"-1\" >\n\t\t\tConsulte aqui artigo completo\t\t<\/a>\n\n\t\t\t\t\t<\/div>\n\t\t\t\t<\/div>\n\t\t\t\t<\/article>\n\t\t\t\t<article class=\"elementor-post elementor-grid-item post-4377 post type-post status-publish format-standard hentry category-concursos category-projects\" role=\"listitem\">\n\t\t\t\t<div class=\"elementor-post__text\">\n\t\t\t\t<h2 class=\"elementor-post__title\">\n\t\t\t<a href=\"https:\/\/agrupamentonisa.edu.gov.pt\/site\/contratacao-de-escola-2024-2025-grupo-100-educacao-pre-escolar-2\/\" >\n\t\t\t\tContrata\u00e7\u00e3o de Escola \u2013 2024\/2025 Grupo 100 Educa\u00e7\u00e3o Pr\u00e9-Escolar\t\t\t<\/a>\n\t\t<\/h2>\n\t\t\t\t<div class=\"elementor-post__meta-data\">\n\t\t\t\t\t<span class=\"elementor-post-date\">\n\t\t\t4 de Outubro, 2024\t\t<\/span>\n\t\t\t\t<\/div>\n\t\t\t\t<div class=\"elementor-post__excerpt\">\n\t\t\t<p>O Agrupamento de Escolas de Nisa informa que est\u00e3o a concurso a termo resolutivo certo, um hor\u00e1rio para o seguinte<\/p>\n\t\t<\/div>\n\t\t\t\t\t<div class=\"elementor-post__read-more-wrapper\">\n\t\t\n\t\t<a class=\"elementor-post__read-more\" href=\"https:\/\/agrupamentonisa.edu.gov.pt\/site\/contratacao-de-escola-2024-2025-grupo-100-educacao-pre-escolar-2\/\" aria-label=\"Read more about Contrata\u00e7\u00e3o de Escola \u2013 2024\/2025 Grupo 100 Educa\u00e7\u00e3o Pr\u00e9-Escolar\" tabindex=\"-1\" >\n\t\t\tConsulte aqui artigo completo\t\t<\/a>\n\n\t\t\t\t\t<\/div>\n\t\t\t\t<\/div>\n\t\t\t\t<\/article>\n\t\t\t\t<article class=\"elementor-post elementor-grid-item post-4280 post type-post status-publish format-standard hentry category-concursos category-projects\" role=\"listitem\">\n\t\t\t\t<div class=\"elementor-post__text\">\n\t\t\t\t<h2 class=\"elementor-post__title\">\n\t\t\t<a href=\"https:\/\/agrupamentonisa.edu.gov.pt\/site\/contratacao-de-escola-2024-2025-grupo-100-educacao-pre-escolar\/\" >\n\t\t\t\tContrata\u00e7\u00e3o de Escola \u2013 2024\/2025 Grupo 100 Educa\u00e7\u00e3o Pr\u00e9-Escolar\t\t\t<\/a>\n\t\t<\/h2>\n\t\t\t\t<div class=\"elementor-post__meta-data\">\n\t\t\t\t\t<span class=\"elementor-post-date\">\n\t\t\t17 de Setembro, 2024\t\t<\/span>\n\t\t\t\t<\/div>\n\t\t\t\t<div class=\"elementor-post__excerpt\">\n\t\t\t<p>O Agrupamento de Escolas de Nisa informa que est\u00e3o a concurso a termo resolutivo certo, um hor\u00e1rio para os seguinte<\/p>\n\t\t<\/div>\n\t\t\t\t\t<div class=\"elementor-post__read-more-wrapper\">\n\t\t\n\t\t<a class=\"elementor-post__read-more\" href=\"https:\/\/agrupamentonisa.edu.gov.pt\/site\/contratacao-de-escola-2024-2025-grupo-100-educacao-pre-escolar\/\" aria-label=\"Read more about Contrata\u00e7\u00e3o de Escola \u2013 2024\/2025 Grupo 100 Educa\u00e7\u00e3o Pr\u00e9-Escolar\" tabindex=\"-1\" >\n\t\t\tConsulte aqui artigo completo\t\t<\/a>\n\n\t\t\t\t\t<\/div>\n\t\t\t\t<\/div>\n\t\t\t\t<\/article>\n\t\t\t\t<article class=\"elementor-post elementor-grid-item post-4274 post type-post status-publish format-standard hentry category-concursos category-projects\" role=\"listitem\">\n\t\t\t\t<div class=\"elementor-post__text\">\n\t\t\t\t<h2 class=\"elementor-post__title\">\n\t\t\t<a href=\"https:\/\/agrupamentonisa.edu.gov.pt\/site\/contratacao-de-escola-2024-2025-5\/\" >\n\t\t\t\tContrata\u00e7\u00e3o de Escola \u2013 2024\/2025 T\u00e9cnico Especializado &#8211; TIL (T\u00e9cnico de Interven\u00e7\u00e3o Local)\t\t\t<\/a>\n\t\t<\/h2>\n\t\t\t\t<div class=\"elementor-post__meta-data\">\n\t\t\t\t\t<span class=\"elementor-post-date\">\n\t\t\t11 de Setembro, 2024\t\t<\/span>\n\t\t\t\t<\/div>\n\t\t\t\t<div class=\"elementor-post__excerpt\">\n\t\t\t<p>O Agrupamento de Escolas de Nisa informa que est\u00e1 a concurso a termo resolutivo certo, um hor\u00e1rio para T\u00e9cnico Especializado:<\/p>\n\t\t<\/div>\n\t\t\t\t\t<div class=\"elementor-post__read-more-wrapper\">\n\t\t\n\t\t<a class=\"elementor-post__read-more\" href=\"https:\/\/agrupamentonisa.edu.gov.pt\/site\/contratacao-de-escola-2024-2025-5\/\" aria-label=\"Read more about Contrata\u00e7\u00e3o de Escola \u2013 2024\/2025 T\u00e9cnico Especializado &#8211; TIL (T\u00e9cnico de Interven\u00e7\u00e3o Local)\" tabindex=\"-1\" >\n\t\t\tConsulte aqui artigo completo\t\t<\/a>\n\n\t\t\t\t\t<\/div>\n\t\t\t\t<\/div>\n\t\t\t\t<\/article>\n\t\t\t\t<article class=\"elementor-post elementor-grid-item post-4236 post type-post status-publish format-standard hentry category-concursos category-projects\" role=\"listitem\">\n\t\t\t\t<div class=\"elementor-post__text\">\n\t\t\t\t<h2 class=\"elementor-post__title\">\n\t\t\t<a href=\"https:\/\/agrupamentonisa.edu.gov.pt\/site\/contratacao-de-escola-2024-2025-4\/\" >\n\t\t\t\tContrata\u00e7\u00e3o de Escola \u2013 2024\/2025 T\u00e9cnico Especializado &#8211; Psic\u00f3logo\t\t\t<\/a>\n\t\t<\/h2>\n\t\t\t\t<div class=\"elementor-post__meta-data\">\n\t\t\t\t\t<span class=\"elementor-post-date\">\n\t\t\t10 de Setembro, 2024\t\t<\/span>\n\t\t\t\t<\/div>\n\t\t\t\t<div class=\"elementor-post__excerpt\">\n\t\t\t<p>O Agrupamento de Escolas de Nisa informa que est\u00e1 a concurso a termo resolutivo certo, um hor\u00e1rio para T\u00e9cnico Especializado:<\/p>\n\t\t<\/div>\n\t\t\t\t\t<div class=\"elementor-post__read-more-wrapper\">\n\t\t\n\t\t<a class=\"elementor-post__read-more\" href=\"https:\/\/agrupamentonisa.edu.gov.pt\/site\/contratacao-de-escola-2024-2025-4\/\" aria-label=\"Read more about Contrata\u00e7\u00e3o de Escola \u2013 2024\/2025 T\u00e9cnico Especializado &#8211; Psic\u00f3logo\" tabindex=\"-1\" >\n\t\t\tConsulte aqui artigo completo\t\t<\/a>\n\n\t\t\t\t\t<\/div>\n\t\t\t\t<\/div>\n\t\t\t\t<\/article>\n\t\t\t\t<article class=\"elementor-post elementor-grid-item post-4231 post type-post status-publish format-standard hentry category-concursos category-projects\" role=\"listitem\">\n\t\t\t\t<div class=\"elementor-post__text\">\n\t\t\t\t<h2 class=\"elementor-post__title\">\n\t\t\t<a href=\"https:\/\/agrupamentonisa.edu.gov.pt\/site\/contratacao-de-escola-2024-2025-3\/\" >\n\t\t\t\tContrata\u00e7\u00e3o de Escola \u2013 2024\/2025 T\u00e9cnico Especializado &#8211; T\u00e9cnico de Anima\u00e7\u00e3o\t\t\t<\/a>\n\t\t<\/h2>\n\t\t\t\t<div class=\"elementor-post__meta-data\">\n\t\t\t\t\t<span class=\"elementor-post-date\">\n\t\t\t6 de Setembro, 2024\t\t<\/span>\n\t\t\t\t<\/div>\n\t\t\t\t<div class=\"elementor-post__excerpt\">\n\t\t\t<p>O Agrupamento de Escolas de Nisa informa que est\u00e1 a concurso a termo resolutivo certo, um hor\u00e1rios para T\u00e9cnico Especializado:<\/p>\n\t\t<\/div>\n\t\t\t\t\t<div class=\"elementor-post__read-more-wrapper\">\n\t\t\n\t\t<a class=\"elementor-post__read-more\" href=\"https:\/\/agrupamentonisa.edu.gov.pt\/site\/contratacao-de-escola-2024-2025-3\/\" aria-label=\"Read more about Contrata\u00e7\u00e3o de Escola \u2013 2024\/2025 T\u00e9cnico Especializado &#8211; T\u00e9cnico de Anima\u00e7\u00e3o\" tabindex=\"-1\" >\n\t\t\tConsulte aqui artigo completo\t\t<\/a>\n\n\t\t\t\t\t<\/div>\n\t\t\t\t<\/div>\n\t\t\t\t<\/article>\n\t\t\t\t<article class=\"elementor-post elementor-grid-item post-4228 post type-post status-publish format-standard hentry category-concursos category-projects\" role=\"listitem\">\n\t\t\t\t<div class=\"elementor-post__text\">\n\t\t\t\t<h2 class=\"elementor-post__title\">\n\t\t\t<a href=\"https:\/\/agrupamentonisa.edu.gov.pt\/site\/contratacao-de-escola-2024-2025-2\/\" >\n\t\t\t\tContrata\u00e7\u00e3o de Escola \u2013 2024\/2025 Grupo 350 Espanhol\t\t\t<\/a>\n\t\t<\/h2>\n\t\t\t\t<div class=\"elementor-post__meta-data\">\n\t\t\t\t\t<span class=\"elementor-post-date\">\n\t\t\t5 de Setembro, 2024\t\t<\/span>\n\t\t\t\t<\/div>\n\t\t\t\t<div class=\"elementor-post__excerpt\">\n\t\t\t<p>O Agrupamento de Escolas de Nisa informa que est\u00e3o a concurso a termo resolutivo certo, um hor\u00e1rio para o grupo<\/p>\n\t\t<\/div>\n\t\t\t\t\t<div class=\"elementor-post__read-more-wrapper\">\n\t\t\n\t\t<a class=\"elementor-post__read-more\" href=\"https:\/\/agrupamentonisa.edu.gov.pt\/site\/contratacao-de-escola-2024-2025-2\/\" aria-label=\"Read more about Contrata\u00e7\u00e3o de Escola \u2013 2024\/2025 Grupo 350 Espanhol\" tabindex=\"-1\" >\n\t\t\tConsulte aqui artigo completo\t\t<\/a>\n\n\t\t\t\t\t<\/div>\n\t\t\t\t<\/div>\n\t\t\t\t<\/article>\n\t\t\t\t<article class=\"elementor-post elementor-grid-item post-4178 post type-post status-publish format-standard hentry category-concursos category-projects category-sem-categoria\" role=\"listitem\">\n\t\t\t\t<div class=\"elementor-post__text\">\n\t\t\t\t<h2 class=\"elementor-post__title\">\n\t\t\t<a href=\"https:\/\/agrupamentonisa.edu.gov.pt\/site\/contratacao-de-escola-2024-2025\/\" >\n\t\t\t\tContrata\u00e7\u00e3o de Escola &#8211; 2024\/2025 Grupos: 500 Matem\u00e1tica &#8211; 520 Biologia\t\t\t<\/a>\n\t\t<\/h2>\n\t\t\t\t<div class=\"elementor-post__meta-data\">\n\t\t\t\t\t<span class=\"elementor-post-date\">\n\t\t\t3 de Setembro, 2024\t\t<\/span>\n\t\t\t\t<\/div>\n\t\t\t\t<div class=\"elementor-post__excerpt\">\n\t\t\t<p>O Agrupamento de Escolas de Nisa informa que est\u00e3o a concurso a termo resolutivo certo, dois hor\u00e1rios para os seguintes<\/p>\n\t\t<\/div>\n\t\t\t\t\t<div class=\"elementor-post__read-more-wrapper\">\n\t\t\n\t\t<a class=\"elementor-post__read-more\" href=\"https:\/\/agrupamentonisa.edu.gov.pt\/site\/contratacao-de-escola-2024-2025\/\" aria-label=\"Read more about Contrata\u00e7\u00e3o de Escola &#8211; 2024\/2025 Grupos: 500 Matem\u00e1tica &#8211; 520 Biologia\" tabindex=\"-1\" >\n\t\t\tConsulte aqui artigo completo\t\t<\/a>\n\n\t\t\t\t\t<\/div>\n\t\t\t\t<\/div>\n\t\t\t\t<\/article>\n\t\t\t\t<\/div>\n\t\t\n\t\t\t\t\t\t<\/div>\n\t\t\t\t<\/div>\n\t\t\t\t<\/div>\n\t\t\t\t<\/div>\n\t\t","protected":false},"excerpt":{"rendered":"<p>Concursos<\/p>\n","protected":false},"author":1,"featured_media":0,"parent":0,"menu_order":0,"comment_status":"closed","ping_status":"closed","template":"","meta":{"_lmt_disableupdate":"","_lmt_disable":"","footnotes":""},"class_list":["post-4314","page","type-page","status-publish","hentry"],"yoast_head":"<!-- This site is optimized with the Yoast SEO plugin v25.5 - https:\/\/yoast.com\/wordpress\/plugins\/seo\/ -->\n<title>Concursos - Agrupamento de Escolas Nisa<\/title>\n<meta name=\"robots\" content=\"index, follow, max-snippet:-1, max-image-preview:large, max-video-preview:-1\" \/>\n<link rel=\"canonical\" href=\"https:\/\/agrupamentonisa.edu.gov.pt\/site\/concursos\/\" \/>\n<meta property=\"og:locale\" content=\"pt_PT\" \/>\n<meta property=\"og:type\" content=\"article\" \/>\n<meta property=\"og:title\" content=\"Concursos - Agrupamento de Escolas Nisa\" \/>\n<meta property=\"og:description\" content=\"Concursos\" \/>\n<meta property=\"og:url\" content=\"https:\/\/agrupamentonisa.edu.gov.pt\/site\/concursos\/\" \/>\n<meta property=\"og:site_name\" content=\"Agrupamento de Escolas Nisa\" \/>\n<meta property=\"article:publisher\" content=\"https:\/\/www.facebook.com\/p\/Agrupamento-de-Escolas-de-Nisa-100031784060549\/?locale=pt_PT\" \/>\n<meta property=\"article:modified_time\" content=\"2024-09-27T15:28:25+00:00\" \/>\n<meta name=\"twitter:card\" content=\"summary_large_image\" \/>\n<meta name=\"twitter:label1\" content=\"Tempo estimado de leitura\" \/>\n\t<meta name=\"twitter:data1\" content=\"2 minutos\" \/>\n<script type=\"application\/ld+json\" class=\"yoast-schema-graph\">{\"@context\":\"https:\/\/schema.org\",\"@graph\":[{\"@type\":\"WebPage\",\"@id\":\"https:\/\/agrupamentonisa.edu.gov.pt\/site\/concursos\/\",\"url\":\"https:\/\/agrupamentonisa.edu.gov.pt\/site\/concursos\/\",\"name\":\"Concursos - Agrupamento de Escolas Nisa\",\"isPartOf\":{\"@id\":\"https:\/\/agrupamentonisa.edu.gov.pt\/site\/#website\"},\"datePublished\":\"2024-09-27T15:23:35+00:00\",\"dateModified\":\"2024-09-27T15:28:25+00:00\",\"breadcrumb\":{\"@id\":\"https:\/\/agrupamentonisa.edu.gov.pt\/site\/concursos\/#breadcrumb\"},\"inLanguage\":\"pt-PT\",\"potentialAction\":[{\"@type\":\"ReadAction\",\"target\":[\"https:\/\/agrupamentonisa.edu.gov.pt\/site\/concursos\/\"]}]},{\"@type\":\"BreadcrumbList\",\"@id\":\"https:\/\/agrupamentonisa.edu.gov.pt\/site\/concursos\/#breadcrumb\",\"itemListElement\":[{\"@type\":\"ListItem\",\"position\":1,\"name\":\"In\u00edcio\",\"item\":\"https:\/\/agrupamentonisa.edu.gov.pt\/site\/\"},{\"@type\":\"ListItem\",\"position\":2,\"name\":\"Concursos\"}]},{\"@type\":\"WebSite\",\"@id\":\"https:\/\/agrupamentonisa.edu.gov.pt\/site\/#website\",\"url\":\"https:\/\/agrupamentonisa.edu.gov.pt\/site\/\",\"name\":\"Agrupamento de Escolas Nisa\",\"description\":\"Site Escolar do Agrupamento de Escolas Nisa\",\"publisher\":{\"@id\":\"https:\/\/agrupamentonisa.edu.gov.pt\/site\/#organization\"},\"potentialAction\":[{\"@type\":\"SearchAction\",\"target\":{\"@type\":\"EntryPoint\",\"urlTemplate\":\"https:\/\/agrupamentonisa.edu.gov.pt\/site\/?s={search_term_string}\"},\"query-input\":{\"@type\":\"PropertyValueSpecification\",\"valueRequired\":true,\"valueName\":\"search_term_string\"}}],\"inLanguage\":\"pt-PT\"},{\"@type\":\"Organization\",\"@id\":\"https:\/\/agrupamentonisa.edu.gov.pt\/site\/#organization\",\"name\":\"Agrupamento de Escolas Nisa\",\"url\":\"https:\/\/agrupamentonisa.edu.gov.pt\/site\/\",\"logo\":{\"@type\":\"ImageObject\",\"inLanguage\":\"pt-PT\",\"@id\":\"https:\/\/agrupamentonisa.edu.gov.pt\/site\/#\/schema\/logo\/image\/\",\"url\":\"https:\/\/agrupamentonisa.edu.gov.pt\/site\/wp-content\/uploads\/2024\/03\/logo.png\",\"contentUrl\":\"https:\/\/agrupamentonisa.edu.gov.pt\/site\/wp-content\/uploads\/2024\/03\/logo.png\",\"width\":1086,\"height\":546,\"caption\":\"Agrupamento de Escolas Nisa\"},\"image\":{\"@id\":\"https:\/\/agrupamentonisa.edu.gov.pt\/site\/#\/schema\/logo\/image\/\"},\"sameAs\":[\"https:\/\/www.facebook.com\/p\/Agrupamento-de-Escolas-de-Nisa-100031784060549\/?locale=pt_PT\",\"https:\/\/www.youtube.com\/@canalyoutubeagrupamentonisa\"]}]}<\/script>\n<!-- \/ Yoast SEO plugin. -->","yoast_head_json":{"title":"Concursos - Agrupamento de Escolas Nisa","robots":{"index":"index","follow":"follow","max-snippet":"max-snippet:-1","max-image-preview":"max-image-preview:large","max-video-preview":"max-video-preview:-1"},"canonical":"https:\/\/agrupamentonisa.edu.gov.pt\/site\/concursos\/","og_locale":"pt_PT","og_type":"article","og_title":"Concursos - Agrupamento de Escolas Nisa","og_description":"Concursos","og_url":"https:\/\/agrupamentonisa.edu.gov.pt\/site\/concursos\/","og_site_name":"Agrupamento de Escolas Nisa","article_publisher":"https:\/\/www.facebook.com\/p\/Agrupamento-de-Escolas-de-Nisa-100031784060549\/?locale=pt_PT","article_modified_time":"2024-09-27T15:28:25+00:00","twitter_card":"summary_large_image","twitter_misc":{"Tempo estimado de leitura":"2 minutos"},"schema":{"@context":"https:\/\/schema.org","@graph":[{"@type":"WebPage","@id":"https:\/\/agrupamentonisa.edu.gov.pt\/site\/concursos\/","url":"https:\/\/agrupamentonisa.edu.gov.pt\/site\/concursos\/","name":"Concursos - Agrupamento de Escolas Nisa","isPartOf":{"@id":"https:\/\/agrupamentonisa.edu.gov.pt\/site\/#website"},"datePublished":"2024-09-27T15:23:35+00:00","dateModified":"2024-09-27T15:28:25+00:00","breadcrumb":{"@id":"https:\/\/agrupamentonisa.edu.gov.pt\/site\/concursos\/#breadcrumb"},"inLanguage":"pt-PT","potentialAction":[{"@type":"ReadAction","target":["https:\/\/agrupamentonisa.edu.gov.pt\/site\/concursos\/"]}]},{"@type":"BreadcrumbList","@id":"https:\/\/agrupamentonisa.edu.gov.pt\/site\/concursos\/#breadcrumb","itemListElement":[{"@type":"ListItem","position":1,"name":"In\u00edcio","item":"https:\/\/agrupamentonisa.edu.gov.pt\/site\/"},{"@type":"ListItem","position":2,"name":"Concursos"}]},{"@type":"WebSite","@id":"https:\/\/agrupamentonisa.edu.gov.pt\/site\/#website","url":"https:\/\/agrupamentonisa.edu.gov.pt\/site\/","name":"Agrupamento de Escolas Nisa","description":"Site Escolar do Agrupamento de Escolas Nisa","publisher":{"@id":"https:\/\/agrupamentonisa.edu.gov.pt\/site\/#organization"},"potentialAction":[{"@type":"SearchAction","target":{"@type":"EntryPoint","urlTemplate":"https:\/\/agrupamentonisa.edu.gov.pt\/site\/?s={search_term_string}"},"query-input":{"@type":"PropertyValueSpecification","valueRequired":true,"valueName":"search_term_string"}}],"inLanguage":"pt-PT"},{"@type":"Organization","@id":"https:\/\/agrupamentonisa.edu.gov.pt\/site\/#organization","name":"Agrupamento de Escolas Nisa","url":"https:\/\/agrupamentonisa.edu.gov.pt\/site\/","logo":{"@type":"ImageObject","inLanguage":"pt-PT","@id":"https:\/\/agrupamentonisa.edu.gov.pt\/site\/#\/schema\/logo\/image\/","url":"https:\/\/agrupamentonisa.edu.gov.pt\/site\/wp-content\/uploads\/2024\/03\/logo.png","contentUrl":"https:\/\/agrupamentonisa.edu.gov.pt\/site\/wp-content\/uploads\/2024\/03\/logo.png","width":1086,"height":546,"caption":"Agrupamento de Escolas Nisa"},"image":{"@id":"https:\/\/agrupamentonisa.edu.gov.pt\/site\/#\/schema\/logo\/image\/"},"sameAs":["https:\/\/www.facebook.com\/p\/Agrupamento-de-Escolas-de-Nisa-100031784060549\/?locale=pt_PT","https:\/\/www.youtube.com\/@canalyoutubeagrupamentonisa"]}]}},"_links":{"self":[{"href":"https:\/\/agrupamentonisa.edu.gov.pt\/site\/wp-json\/wp\/v2\/pages\/4314","targetHints":{"allow":["GET"]}}],"collection":[{"href":"https:\/\/agrupamentonisa.edu.gov.pt\/site\/wp-json\/wp\/v2\/pages"}],"about":[{"href":"https:\/\/agrupamentonisa.edu.gov.pt\/site\/wp-json\/wp\/v2\/types\/page"}],"author":[{"embeddable":true,"href":"https:\/\/agrupamentonisa.edu.gov.pt\/site\/wp-json\/wp\/v2\/users\/1"}],"replies":[{"embeddable":true,"href":"https:\/\/agrupamentonisa.edu.gov.pt\/site\/wp-json\/wp\/v2\/comments?post=4314"}],"version-history":[{"count":12,"href":"https:\/\/agrupamentonisa.edu.gov.pt\/site\/wp-json\/wp\/v2\/pages\/4314\/revisions"}],"predecessor-version":[{"id":4327,"href":"https:\/\/agrupamentonisa.edu.gov.pt\/site\/wp-json\/wp\/v2\/pages\/4314\/revisions\/4327"}],"wp:attachment":[{"href":"https:\/\/agrupamentonisa.edu.gov.pt\/site\/wp-json\/wp\/v2\/media?parent=4314"}],"curies":[{"name":"wp","href":"https:\/\/api.w.org\/{rel}","templated":true}]}}