{"id":3899,"date":"2024-07-10T15:49:11","date_gmt":"2024-07-10T15:49:11","guid":{"rendered":"https:\/\/agrupamentonisa.edu.gov.pt\/site\/\/?page_id=3899"},"modified":"2024-08-30T11:19:18","modified_gmt":"2024-08-30T11:19:18","slug":"associacao-de-pais","status":"publish","type":"page","link":"https:\/\/agrupamentonisa.edu.gov.pt\/site\/associacao-de-pais\/","title":{"rendered":"Associa\u00e7\u00e3o de Pais"},"content":{"rendered":"\t\t<div data-elementor-type=\"wp-page\" data-elementor-id=\"3899\" class=\"elementor elementor-3899\" data-elementor-post-type=\"page\">\n\t\t\t\t<div class=\"elementor-element elementor-element-e37a557 e-con-full e-flex elementor-invisible e-con e-parent\" data-id=\"e37a557\" data-element_type=\"container\" data-e-type=\"container\" data-settings=\"{&quot;background_background&quot;:&quot;classic&quot;,&quot;animation&quot;:&quot;fadeInLeft&quot;}\">\n\t\t\t\t<div class=\"elementor-element elementor-element-972afec elementor-widget elementor-widget-heading\" data-id=\"972afec\" data-element_type=\"widget\" data-e-type=\"widget\" data-widget_type=\"heading.default\">\n\t\t\t\t<div class=\"elementor-widget-container\">\n\t\t\t\t\t<h2 class=\"elementor-heading-title elementor-size-default\">Documentos\n<\/h2>\t\t\t\t<\/div>\n\t\t\t\t<\/div>\n\t\t\t\t<\/div>\n\t\t<div class=\"elementor-element elementor-element-78f9758 e-con-full e-flex elementor-invisible e-con e-parent\" data-id=\"78f9758\" data-element_type=\"container\" data-e-type=\"container\" data-settings=\"{&quot;background_background&quot;:&quot;classic&quot;,&quot;animation&quot;:&quot;fadeInUp&quot;}\">\n\t\t<div class=\"elementor-element elementor-element-4d570c3 e-con-full e-flex e-con e-child\" data-id=\"4d570c3\" data-element_type=\"container\" data-e-type=\"container\">\n\t\t\t\t<div class=\"elementor-element elementor-element-8c0650c elementor-widget elementor-widget-heading\" data-id=\"8c0650c\" data-element_type=\"widget\" data-e-type=\"widget\" data-widget_type=\"heading.default\">\n\t\t\t\t<div class=\"elementor-widget-container\">\n\t\t\t\t\t<h5 class=\"elementor-heading-title elementor-size-default\"><a href=\"\/site\/wp-content\/uploads\/2024\/07\/Estatutos_Associacao_de_Pais.pdf\" target=\"_blank\">Estatutos<\/a><\/h5>\t\t\t\t<\/div>\n\t\t\t\t<\/div>\n\t\t\t\t<\/div>\n\t\t\t\t<\/div>\n\t\t<div class=\"elementor-element elementor-element-3549a3d e-con-full e-flex elementor-invisible e-con e-parent\" data-id=\"3549a3d\" data-element_type=\"container\" data-e-type=\"container\" data-settings=\"{&quot;background_background&quot;:&quot;classic&quot;,&quot;animation&quot;:&quot;fadeInLeft&quot;}\">\n\t\t\t\t<div class=\"elementor-element elementor-element-4faee02 elementor-widget elementor-widget-heading\" data-id=\"4faee02\" data-element_type=\"widget\" data-e-type=\"widget\" data-widget_type=\"heading.default\">\n\t\t\t\t<div class=\"elementor-widget-container\">\n\t\t\t\t\t<h2 class=\"elementor-heading-title elementor-size-default\">Atividades<\/h2>\t\t\t\t<\/div>\n\t\t\t\t<\/div>\n\t\t\t\t<\/div>\n\t\t<div class=\"elementor-element elementor-element-1cdedd2 e-con-full e-flex elementor-invisible e-con e-parent\" data-id=\"1cdedd2\" data-element_type=\"container\" data-e-type=\"container\" data-settings=\"{&quot;animation&quot;:&quot;fadeInUp&quot;,&quot;background_background&quot;:&quot;classic&quot;}\">\n\t\t\t\t<div class=\"elementor-element elementor-element-be451a7 elementor-widget elementor-widget-thim-posts\" data-id=\"be451a7\" data-element_type=\"widget\" data-e-type=\"widget\" data-widget_type=\"thim-posts.default\">\n\t\t\t\t<div class=\"elementor-widget-container\">\n\t\t\t\t\t\n\n    <div class=\"bp-element bp-element-posts   tutorx-layout-grid-1  no-image\" >\n\n\t\t<div class=\"wrap-element\">\n    <div class=\"row\">\n                    <div class=\"col-md-6 col-lg-4\">\n                <div class=\"item-post\">\n                    <div class=\"image-post\">\n                        <a href=\"https:\/\/agrupamentonisa.edu.gov.pt\/site\/manuais-escolares-para-o-ano-letivo-2025-26\/\">\n                                                    <\/a>\n                    <\/div>\n\n                    <div class=\"text-post\">\n                        <h4 class=\"title-post\">\n                            <a href=\"https:\/\/agrupamentonisa.edu.gov.pt\/site\/manuais-escolares-para-o-ano-letivo-2025-26\/\">\n                                Manuais Escolares Para o Ano Letivo 2025\/26                            <\/a>\n                        <\/h4>\n\n                        <ul class=\"info-post\">\n                            <li class=\"hight-light\">\n                                By <a href=\"https:\/\/agrupamentonisa.edu.gov.pt\/site\/author\/550titofilipeescolasdenisa-education\/\">Tito Filipe<\/a>\n                            <\/li>\n\n                            <li>\n                                Junho 30, 2025                            <\/li>\n                        <\/ul>\n                    <\/div>\n                <\/div>\n            <\/div>\n                    <div class=\"col-md-6 col-lg-4\">\n                <div class=\"item-post\">\n                    <div class=\"image-post\">\n                        <a href=\"https:\/\/agrupamentonisa.edu.gov.pt\/site\/aviso-eleicao-associacao-de-pais-e-encarregados-de-educacao\/\">\n                                                    <\/a>\n                    <\/div>\n\n                    <div class=\"text-post\">\n                        <h4 class=\"title-post\">\n                            <a href=\"https:\/\/agrupamentonisa.edu.gov.pt\/site\/aviso-eleicao-associacao-de-pais-e-encarregados-de-educacao\/\">\n                                Aviso &#8211; Elei\u00e7\u00e3o Associa\u00e7\u00e3o de Pais e Encarregados de Educa\u00e7\u00e3o                            <\/a>\n                        <\/h4>\n\n                        <ul class=\"info-post\">\n                            <li class=\"hight-light\">\n                                By <a href=\"https:\/\/agrupamentonisa.edu.gov.pt\/site\/author\/isabel-rovisco\/\">Isabel Rovisco<\/a>\n                            <\/li>\n\n                            <li>\n                                Maio 7, 2025                            <\/li>\n                        <\/ul>\n                    <\/div>\n                <\/div>\n            <\/div>\n                    <div class=\"col-md-6 col-lg-4\">\n                <div class=\"item-post\">\n                    <div class=\"image-post\">\n                        <a href=\"https:\/\/agrupamentonisa.edu.gov.pt\/site\/processo-eleitoral-da-associacao-de-pais\/\">\n                                                    <\/a>\n                    <\/div>\n\n                    <div class=\"text-post\">\n                        <h4 class=\"title-post\">\n                            <a href=\"https:\/\/agrupamentonisa.edu.gov.pt\/site\/processo-eleitoral-da-associacao-de-pais\/\">\n                                Processo Eleitoral da Associa\u00e7\u00e3o de Pais                            <\/a>\n                        <\/h4>\n\n                        <ul class=\"info-post\">\n                            <li class=\"hight-light\">\n                                By <a href=\"https:\/\/agrupamentonisa.edu.gov.pt\/site\/author\/isabel-rovisco\/\">Isabel Rovisco<\/a>\n                            <\/li>\n\n                            <li>\n                                Maio 5, 2025                            <\/li>\n                        <\/ul>\n                    <\/div>\n                <\/div>\n            <\/div>\n                    <div class=\"col-md-6 col-lg-4\">\n                <div class=\"item-post\">\n                    <div class=\"image-post\">\n                        <a href=\"https:\/\/agrupamentonisa.edu.gov.pt\/site\/eleicao-dos-representantes-dos-pais-no-conselho-geral\/\">\n                                                    <\/a>\n                    <\/div>\n\n                    <div class=\"text-post\">\n                        <h4 class=\"title-post\">\n                            <a href=\"https:\/\/agrupamentonisa.edu.gov.pt\/site\/eleicao-dos-representantes-dos-pais-no-conselho-geral\/\">\n                                Elei\u00e7\u00e3o dos Representantes dos Pais e Encarregados de Educa\u00e7\u00e3o no Conselho Geral                            <\/a>\n                        <\/h4>\n\n                        <ul class=\"info-post\">\n                            <li class=\"hight-light\">\n                                By <a href=\"https:\/\/agrupamentonisa.edu.gov.pt\/site\/author\/isabel-rovisco\/\">Isabel Rovisco<\/a>\n                            <\/li>\n\n                            <li>\n                                Maio 5, 2025                            <\/li>\n                        <\/ul>\n                    <\/div>\n                <\/div>\n            <\/div>\n                    <div class=\"col-md-6 col-lg-4\">\n                <div class=\"item-post\">\n                    <div class=\"image-post\">\n                        <a href=\"https:\/\/agrupamentonisa.edu.gov.pt\/site\/associacao-de-pais-em-assembleia-geral\/\">\n                                                    <\/a>\n                    <\/div>\n\n                    <div class=\"text-post\">\n                        <h4 class=\"title-post\">\n                            <a href=\"https:\/\/agrupamentonisa.edu.gov.pt\/site\/associacao-de-pais-em-assembleia-geral\/\">\n                                Associa\u00e7\u00e3o de Pais em Assembleia Geral                            <\/a>\n                        <\/h4>\n\n                        <ul class=\"info-post\">\n                            <li class=\"hight-light\">\n                                By <a href=\"https:\/\/agrupamentonisa.edu.gov.pt\/site\/author\/isabel-rovisco\/\">Isabel Rovisco<\/a>\n                            <\/li>\n\n                            <li>\n                                Abril 23, 2025                            <\/li>\n                        <\/ul>\n                    <\/div>\n                <\/div>\n            <\/div>\n                    <div class=\"col-md-6 col-lg-4\">\n                <div class=\"item-post\">\n                    <div class=\"image-post\">\n                        <a href=\"https:\/\/agrupamentonisa.edu.gov.pt\/site\/provas-ensaio-2024-2025\/\">\n                                                    <\/a>\n                    <\/div>\n\n                    <div class=\"text-post\">\n                        <h4 class=\"title-post\">\n                            <a href=\"https:\/\/agrupamentonisa.edu.gov.pt\/site\/provas-ensaio-2024-2025\/\">\n                                Provas \/ Ensaio 2024\/2025                            <\/a>\n                        <\/h4>\n\n                        <ul class=\"info-post\">\n                            <li class=\"hight-light\">\n                                By <a href=\"https:\/\/agrupamentonisa.edu.gov.pt\/site\/author\/550titofilipeescolasdenisa-education\/\">Tito Filipe<\/a>\n                            <\/li>\n\n                            <li>\n                                Fevereiro 4, 2025                            <\/li>\n                        <\/ul>\n                    <\/div>\n                <\/div>\n            <\/div>\n            <\/div>\n<\/div>\n    <\/div>\n\n    \n\t\t\t\t<\/div>\n\t\t\t\t<\/div>\n\t\t\t\t<\/div>\n\t\t<div class=\"elementor-element elementor-element-d619703 e-con-full e-flex e-con e-parent\" data-id=\"d619703\" data-element_type=\"container\" data-e-type=\"container\" data-settings=\"{&quot;background_background&quot;:&quot;classic&quot;}\">\n\t\t\t\t<div class=\"elementor-element elementor-element-9a26f25 elementor-widget elementor-widget-shortcode\" data-id=\"9a26f25\" data-element_type=\"widget\" data-e-type=\"widget\" data-widget_type=\"shortcode.default\">\n\t\t\t\t<div class=\"elementor-widget-container\">\n\t\t\t\t\t\t\t<div class=\"elementor-shortcode\">Data da \u00faltima altera\u00e7\u00e3o 4 de Fevereiro, 2025<\/div>\n\t\t\t\t\t\t<\/div>\n\t\t\t\t<\/div>\n\t\t\t\t<\/div>\n\t\t\t\t<\/div>\n\t\t","protected":false},"excerpt":{"rendered":"<p>Documentos Estatutos Atividades<\/p>\n","protected":false},"author":1,"featured_media":0,"parent":0,"menu_order":0,"comment_status":"closed","ping_status":"closed","template":"","meta":{"_lmt_disableupdate":"no","_lmt_disable":"","footnotes":""},"class_list":["post-3899","page","type-page","status-publish","hentry"],"yoast_head":"<!-- This site is optimized with the Yoast SEO plugin v25.5 - https:\/\/yoast.com\/wordpress\/plugins\/seo\/ -->\n<title>Associa\u00e7\u00e3o de Pais - Agrupamento de Escolas Nisa<\/title>\n<meta name=\"robots\" content=\"index, follow, max-snippet:-1, max-image-preview:large, max-video-preview:-1\" \/>\n<link rel=\"canonical\" href=\"https:\/\/agrupamentonisa.edu.gov.pt\/site\/associacao-de-pais\/\" \/>\n<meta property=\"og:locale\" content=\"pt_PT\" \/>\n<meta property=\"og:type\" content=\"article\" \/>\n<meta property=\"og:title\" content=\"Associa\u00e7\u00e3o de Pais - Agrupamento de Escolas Nisa\" \/>\n<meta property=\"og:description\" content=\"Documentos Estatutos Atividades\" \/>\n<meta property=\"og:url\" content=\"https:\/\/agrupamentonisa.edu.gov.pt\/site\/associacao-de-pais\/\" \/>\n<meta property=\"og:site_name\" content=\"Agrupamento de Escolas Nisa\" \/>\n<meta property=\"article:publisher\" content=\"https:\/\/www.facebook.com\/p\/Agrupamento-de-Escolas-de-Nisa-100031784060549\/?locale=pt_PT\" \/>\n<meta property=\"article:modified_time\" content=\"2024-08-30T11:19:18+00:00\" \/>\n<meta name=\"twitter:card\" content=\"summary_large_image\" \/>\n<script type=\"application\/ld+json\" class=\"yoast-schema-graph\">{\"@context\":\"https:\/\/schema.org\",\"@graph\":[{\"@type\":\"WebPage\",\"@id\":\"https:\/\/agrupamentonisa.edu.gov.pt\/site\/associacao-de-pais\/\",\"url\":\"https:\/\/agrupamentonisa.edu.gov.pt\/site\/associacao-de-pais\/\",\"name\":\"Associa\u00e7\u00e3o de Pais - Agrupamento de Escolas Nisa\",\"isPartOf\":{\"@id\":\"https:\/\/agrupamentonisa.edu.gov.pt\/site\/#website\"},\"datePublished\":\"2024-07-10T15:49:11+00:00\",\"dateModified\":\"2024-08-30T11:19:18+00:00\",\"breadcrumb\":{\"@id\":\"https:\/\/agrupamentonisa.edu.gov.pt\/site\/associacao-de-pais\/#breadcrumb\"},\"inLanguage\":\"pt-PT\",\"potentialAction\":[{\"@type\":\"ReadAction\",\"target\":[\"https:\/\/agrupamentonisa.edu.gov.pt\/site\/associacao-de-pais\/\"]}]},{\"@type\":\"BreadcrumbList\",\"@id\":\"https:\/\/agrupamentonisa.edu.gov.pt\/site\/associacao-de-pais\/#breadcrumb\",\"itemListElement\":[{\"@type\":\"ListItem\",\"position\":1,\"name\":\"In\u00edcio\",\"item\":\"https:\/\/agrupamentonisa.edu.gov.pt\/site\/\"},{\"@type\":\"ListItem\",\"position\":2,\"name\":\"Associa\u00e7\u00e3o de Pais\"}]},{\"@type\":\"WebSite\",\"@id\":\"https:\/\/agrupamentonisa.edu.gov.pt\/site\/#website\",\"url\":\"https:\/\/agrupamentonisa.edu.gov.pt\/site\/\",\"name\":\"Agrupamento de Escolas Nisa\",\"description\":\"Site Escolar do Agrupamento de Escolas Nisa\",\"publisher\":{\"@id\":\"https:\/\/agrupamentonisa.edu.gov.pt\/site\/#organization\"},\"potentialAction\":[{\"@type\":\"SearchAction\",\"target\":{\"@type\":\"EntryPoint\",\"urlTemplate\":\"https:\/\/agrupamentonisa.edu.gov.pt\/site\/?s={search_term_string}\"},\"query-input\":{\"@type\":\"PropertyValueSpecification\",\"valueRequired\":true,\"valueName\":\"search_term_string\"}}],\"inLanguage\":\"pt-PT\"},{\"@type\":\"Organization\",\"@id\":\"https:\/\/agrupamentonisa.edu.gov.pt\/site\/#organization\",\"name\":\"Agrupamento de Escolas Nisa\",\"url\":\"https:\/\/agrupamentonisa.edu.gov.pt\/site\/\",\"logo\":{\"@type\":\"ImageObject\",\"inLanguage\":\"pt-PT\",\"@id\":\"https:\/\/agrupamentonisa.edu.gov.pt\/site\/#\/schema\/logo\/image\/\",\"url\":\"https:\/\/agrupamentonisa.edu.gov.pt\/site\/wp-content\/uploads\/2024\/03\/logo.png\",\"contentUrl\":\"https:\/\/agrupamentonisa.edu.gov.pt\/site\/wp-content\/uploads\/2024\/03\/logo.png\",\"width\":1086,\"height\":546,\"caption\":\"Agrupamento de Escolas Nisa\"},\"image\":{\"@id\":\"https:\/\/agrupamentonisa.edu.gov.pt\/site\/#\/schema\/logo\/image\/\"},\"sameAs\":[\"https:\/\/www.facebook.com\/p\/Agrupamento-de-Escolas-de-Nisa-100031784060549\/?locale=pt_PT\",\"https:\/\/www.youtube.com\/@canalyoutubeagrupamentonisa\"]}]}<\/script>\n<!-- \/ Yoast SEO plugin. -->","yoast_head_json":{"title":"Associa\u00e7\u00e3o de Pais - Agrupamento de Escolas Nisa","robots":{"index":"index","follow":"follow","max-snippet":"max-snippet:-1","max-image-preview":"max-image-preview:large","max-video-preview":"max-video-preview:-1"},"canonical":"https:\/\/agrupamentonisa.edu.gov.pt\/site\/associacao-de-pais\/","og_locale":"pt_PT","og_type":"article","og_title":"Associa\u00e7\u00e3o de Pais - Agrupamento de Escolas Nisa","og_description":"Documentos Estatutos Atividades","og_url":"https:\/\/agrupamentonisa.edu.gov.pt\/site\/associacao-de-pais\/","og_site_name":"Agrupamento de Escolas Nisa","article_publisher":"https:\/\/www.facebook.com\/p\/Agrupamento-de-Escolas-de-Nisa-100031784060549\/?locale=pt_PT","article_modified_time":"2024-08-30T11:19:18+00:00","twitter_card":"summary_large_image","schema":{"@context":"https:\/\/schema.org","@graph":[{"@type":"WebPage","@id":"https:\/\/agrupamentonisa.edu.gov.pt\/site\/associacao-de-pais\/","url":"https:\/\/agrupamentonisa.edu.gov.pt\/site\/associacao-de-pais\/","name":"Associa\u00e7\u00e3o de Pais - Agrupamento de Escolas Nisa","isPartOf":{"@id":"https:\/\/agrupamentonisa.edu.gov.pt\/site\/#website"},"datePublished":"2024-07-10T15:49:11+00:00","dateModified":"2024-08-30T11:19:18+00:00","breadcrumb":{"@id":"https:\/\/agrupamentonisa.edu.gov.pt\/site\/associacao-de-pais\/#breadcrumb"},"inLanguage":"pt-PT","potentialAction":[{"@type":"ReadAction","target":["https:\/\/agrupamentonisa.edu.gov.pt\/site\/associacao-de-pais\/"]}]},{"@type":"BreadcrumbList","@id":"https:\/\/agrupamentonisa.edu.gov.pt\/site\/associacao-de-pais\/#breadcrumb","itemListElement":[{"@type":"ListItem","position":1,"name":"In\u00edcio","item":"https:\/\/agrupamentonisa.edu.gov.pt\/site\/"},{"@type":"ListItem","position":2,"name":"Associa\u00e7\u00e3o de Pais"}]},{"@type":"WebSite","@id":"https:\/\/agrupamentonisa.edu.gov.pt\/site\/#website","url":"https:\/\/agrupamentonisa.edu.gov.pt\/site\/","name":"Agrupamento de Escolas Nisa","description":"Site Escolar do Agrupamento de Escolas Nisa","publisher":{"@id":"https:\/\/agrupamentonisa.edu.gov.pt\/site\/#organization"},"potentialAction":[{"@type":"SearchAction","target":{"@type":"EntryPoint","urlTemplate":"https:\/\/agrupamentonisa.edu.gov.pt\/site\/?s={search_term_string}"},"query-input":{"@type":"PropertyValueSpecification","valueRequired":true,"valueName":"search_term_string"}}],"inLanguage":"pt-PT"},{"@type":"Organization","@id":"https:\/\/agrupamentonisa.edu.gov.pt\/site\/#organization","name":"Agrupamento de Escolas Nisa","url":"https:\/\/agrupamentonisa.edu.gov.pt\/site\/","logo":{"@type":"ImageObject","inLanguage":"pt-PT","@id":"https:\/\/agrupamentonisa.edu.gov.pt\/site\/#\/schema\/logo\/image\/","url":"https:\/\/agrupamentonisa.edu.gov.pt\/site\/wp-content\/uploads\/2024\/03\/logo.png","contentUrl":"https:\/\/agrupamentonisa.edu.gov.pt\/site\/wp-content\/uploads\/2024\/03\/logo.png","width":1086,"height":546,"caption":"Agrupamento de Escolas Nisa"},"image":{"@id":"https:\/\/agrupamentonisa.edu.gov.pt\/site\/#\/schema\/logo\/image\/"},"sameAs":["https:\/\/www.facebook.com\/p\/Agrupamento-de-Escolas-de-Nisa-100031784060549\/?locale=pt_PT","https:\/\/www.youtube.com\/@canalyoutubeagrupamentonisa"]}]}},"_links":{"self":[{"href":"https:\/\/agrupamentonisa.edu.gov.pt\/site\/wp-json\/wp\/v2\/pages\/3899","targetHints":{"allow":["GET"]}}],"collection":[{"href":"https:\/\/agrupamentonisa.edu.gov.pt\/site\/wp-json\/wp\/v2\/pages"}],"about":[{"href":"https:\/\/agrupamentonisa.edu.gov.pt\/site\/wp-json\/wp\/v2\/types\/page"}],"author":[{"embeddable":true,"href":"https:\/\/agrupamentonisa.edu.gov.pt\/site\/wp-json\/wp\/v2\/users\/1"}],"replies":[{"embeddable":true,"href":"https:\/\/agrupamentonisa.edu.gov.pt\/site\/wp-json\/wp\/v2\/comments?post=3899"}],"version-history":[{"count":13,"href":"https:\/\/agrupamentonisa.edu.gov.pt\/site\/wp-json\/wp\/v2\/pages\/3899\/revisions"}],"predecessor-version":[{"id":4770,"href":"https:\/\/agrupamentonisa.edu.gov.pt\/site\/wp-json\/wp\/v2\/pages\/3899\/revisions\/4770"}],"wp:attachment":[{"href":"https:\/\/agrupamentonisa.edu.gov.pt\/site\/wp-json\/wp\/v2\/media?parent=3899"}],"curies":[{"name":"wp","href":"https:\/\/api.w.org\/{rel}","templated":true}]}}