{"id":2886,"date":"2024-03-18T12:21:25","date_gmt":"2024-03-18T12:21:25","guid":{"rendered":"https:\/\/agrupamentonisa.edu.gov.pt\/site\/\/?page_id=2886"},"modified":"2026-02-04T08:59:56","modified_gmt":"2026-02-04T08:59:56","slug":"info-gerais","status":"publish","type":"page","link":"https:\/\/agrupamentonisa.edu.gov.pt\/site\/info-gerais\/","title":{"rendered":"Informa\u00e7\u00f5es Gerais"},"content":{"rendered":"\t\t<div data-elementor-type=\"wp-page\" data-elementor-id=\"2886\" class=\"elementor elementor-2886\" data-elementor-post-type=\"page\">\n\t\t\t\t<div class=\"elementor-element elementor-element-5db15d5 e-con-full e-flex e-con e-parent\" data-id=\"5db15d5\" data-element_type=\"container\" data-e-type=\"container\" data-settings=\"{&quot;background_background&quot;:&quot;classic&quot;}\">\n\t\t<div class=\"elementor-element elementor-element-10f2fab e-con-full e-flex e-con e-child\" data-id=\"10f2fab\" data-element_type=\"container\" data-e-type=\"container\">\n\t\t\t\t<div class=\"elementor-element elementor-element-95a286c elementor-widget elementor-widget-thim-ekits-button\" data-id=\"95a286c\" data-element_type=\"widget\" data-e-type=\"widget\" data-widget_type=\"thim-ekits-button.default\">\n\t\t\t\t<div class=\"elementor-widget-container\">\n\t\t\t\t\t\n\t\t<div class=\"thim-ekits-button\">\n\t\t\t<a href=\"#repres\" role=\"button\">\n\t\t\t\t<span class=\"button-content-wrapper\">\n\t\t\t\t\tRepresentantes Alunos e EE\t\t\t\t<\/span>\n\t\t\t<\/a>\n\t\t<\/div>\n\n\t\t\t\t\t\t<\/div>\n\t\t\t\t<\/div>\n\t\t\t\t<\/div>\n\t\t<div class=\"elementor-element elementor-element-86d20e3 e-con-full e-flex e-con e-child\" data-id=\"86d20e3\" data-element_type=\"container\" data-e-type=\"container\">\n\t\t\t\t<div class=\"elementor-element elementor-element-85fa0af elementor-widget elementor-widget-thim-ekits-button\" data-id=\"85fa0af\" data-element_type=\"widget\" data-e-type=\"widget\" data-widget_type=\"thim-ekits-button.default\">\n\t\t\t\t<div class=\"elementor-widget-container\">\n\t\t\t\t\t\n\t\t<div class=\"thim-ekits-button\">\n\t\t\t<a href=\"https:\/\/aenisa-my.sharepoint.com\/:b:\/g\/personal\/aenisa_escolasdenisa_org_pt\/EUGbjePqXExKsIfC9HY7Ue4Bh8z6aMfZIRGTJ4I3IychRA?e=gdjG9E\" target=\"_blank\" role=\"button\">\n\t\t\t\t<span class=\"button-content-wrapper\">\n\t\t\t\t\tCalend\u00e1rio Escolar\t\t\t\t<\/span>\n\t\t\t<\/a>\n\t\t<\/div>\n\n\t\t\t\t\t\t<\/div>\n\t\t\t\t<\/div>\n\t\t\t\t<\/div>\n\t\t<div class=\"elementor-element elementor-element-afc2625 e-con-full e-flex e-con e-child\" data-id=\"afc2625\" data-element_type=\"container\" data-e-type=\"container\">\n\t\t\t\t<div class=\"elementor-element elementor-element-2b15944 elementor-widget elementor-widget-thim-ekits-button\" data-id=\"2b15944\" data-element_type=\"widget\" data-e-type=\"widget\" data-widget_type=\"thim-ekits-button.default\">\n\t\t\t\t<div class=\"elementor-widget-container\">\n\t\t\t\t\t\n\t\t<div class=\"thim-ekits-button\">\n\t\t\t<a href=\"#dt\" role=\"button\">\n\t\t\t\t<span class=\"button-content-wrapper\">\n\t\t\t\t\tDiretores de Turma\t\t\t\t<\/span>\n\t\t\t<\/a>\n\t\t<\/div>\n\n\t\t\t\t\t\t<\/div>\n\t\t\t\t<\/div>\n\t\t\t\t<\/div>\n\t\t<div class=\"elementor-element elementor-element-e76e4ee e-con-full e-flex e-con e-child\" data-id=\"e76e4ee\" data-element_type=\"container\" data-e-type=\"container\">\n\t\t\t\t<div class=\"elementor-element elementor-element-fd35c51 elementor-widget elementor-widget-thim-ekits-button\" data-id=\"fd35c51\" data-element_type=\"widget\" data-e-type=\"widget\" data-widget_type=\"thim-ekits-button.default\">\n\t\t\t\t<div class=\"elementor-widget-container\">\n\t\t\t\t\t\n\t\t<div class=\"thim-ekits-button\">\n\t\t\t<a href=\"#dep\" role=\"button\">\n\t\t\t\t<span class=\"button-content-wrapper\">\n\t\t\t\t\tDepartamentos\t\t\t\t<\/span>\n\t\t\t<\/a>\n\t\t<\/div>\n\n\t\t\t\t\t\t<\/div>\n\t\t\t\t<\/div>\n\t\t\t\t<\/div>\n\t\t\t\t<\/div>\n\t\t<div class=\"elementor-element elementor-element-2f1ba1a e-con-full e-flex e-con e-parent\" data-id=\"2f1ba1a\" data-element_type=\"container\" data-e-type=\"container\">\n\t\t\t\t<div class=\"elementor-element elementor-element-9d138b4 elementor-widget-divider--view-line elementor-widget elementor-widget-divider\" data-id=\"9d138b4\" data-element_type=\"widget\" data-e-type=\"widget\" data-widget_type=\"divider.default\">\n\t\t\t\t<div class=\"elementor-widget-container\">\n\t\t\t\t\t\t\t<div class=\"elementor-divider\">\n\t\t\t<span class=\"elementor-divider-separator\">\n\t\t\t\t\t\t<\/span>\n\t\t<\/div>\n\t\t\t\t\t\t<\/div>\n\t\t\t\t<\/div>\n\t\t\t\t<\/div>\n\t\t<div class=\"elementor-element elementor-element-943184b e-con-full e-flex elementor-invisible e-con e-parent\" data-id=\"943184b\" data-element_type=\"container\" data-e-type=\"container\" data-settings=\"{&quot;background_background&quot;:&quot;classic&quot;,&quot;animation&quot;:&quot;fadeInUp&quot;}\">\n\t\t\t\t<div class=\"elementor-element elementor-element-110167a elementor-widget elementor-widget-heading\" data-id=\"110167a\" data-element_type=\"widget\" data-e-type=\"widget\" data-widget_type=\"heading.default\">\n\t\t\t\t<div class=\"elementor-widget-container\">\n\t\t\t\t\t<h2 class=\"elementor-heading-title elementor-size-default\">Departamentos<\/h2>\t\t\t\t<\/div>\n\t\t\t\t<\/div>\n\t\t\t\t<div class=\"elementor-element elementor-element-1994b51 elementor-tabs-view-vertical elementor-widget elementor-widget-tabs\" data-id=\"1994b51\" data-element_type=\"widget\" data-e-type=\"widget\" data-widget_type=\"tabs.default\">\n\t\t\t\t<div class=\"elementor-widget-container\">\n\t\t\t\t\t\t\t<div class=\"elementor-tabs\">\n\t\t\t<div class=\"elementor-tabs-wrapper\" role=\"tablist\" >\n\t\t\t\t\t\t\t\t\t<div id=\"elementor-tab-title-2681\" class=\"elementor-tab-title elementor-tab-desktop-title\" aria-selected=\"true\" data-tab=\"1\" role=\"tab\" tabindex=\"0\" aria-controls=\"elementor-tab-content-2681\" aria-expanded=\"false\">Departamento do Pr\u00e9-Escolar<\/div>\n\t\t\t\t\t\t\t\t\t<div id=\"elementor-tab-title-2682\" class=\"elementor-tab-title elementor-tab-desktop-title\" aria-selected=\"false\" data-tab=\"2\" role=\"tab\" tabindex=\"-1\" aria-controls=\"elementor-tab-content-2682\" aria-expanded=\"false\">Departamento do 1.\u00ba Ciclo<\/div>\n\t\t\t\t\t\t\t\t\t<div id=\"elementor-tab-title-2683\" class=\"elementor-tab-title elementor-tab-desktop-title\" aria-selected=\"false\" data-tab=\"3\" role=\"tab\" tabindex=\"-1\" aria-controls=\"elementor-tab-content-2683\" aria-expanded=\"false\">Departamento de L\u00ednguas<\/div>\n\t\t\t\t\t\t\t\t\t<div id=\"elementor-tab-title-2684\" class=\"elementor-tab-title elementor-tab-desktop-title\" aria-selected=\"false\" data-tab=\"4\" role=\"tab\" tabindex=\"-1\" aria-controls=\"elementor-tab-content-2684\" aria-expanded=\"false\">Departamento Ci\u00eancias Exatas, da Natureza e Tecnologias<\/div>\n\t\t\t\t\t\t\t\t\t<div id=\"elementor-tab-title-2685\" class=\"elementor-tab-title elementor-tab-desktop-title\" aria-selected=\"false\" data-tab=\"5\" role=\"tab\" tabindex=\"-1\" aria-controls=\"elementor-tab-content-2685\" aria-expanded=\"false\">Departamento de Ci\u00eancias Sociais e Humanas<\/div>\n\t\t\t\t\t\t\t\t\t<div id=\"elementor-tab-title-2686\" class=\"elementor-tab-title elementor-tab-desktop-title\" aria-selected=\"false\" data-tab=\"6\" role=\"tab\" tabindex=\"-1\" aria-controls=\"elementor-tab-content-2686\" aria-expanded=\"false\">Departamento de Express\u00f5es<\/div>\n\t\t\t\t\t\t\t\t\t<div id=\"elementor-tab-title-2687\" class=\"elementor-tab-title elementor-tab-desktop-title\" aria-selected=\"false\" data-tab=\"7\" role=\"tab\" tabindex=\"-1\" aria-controls=\"elementor-tab-content-2687\" aria-expanded=\"false\">Departamento de Educa\u00e7\u00e3o Especial<\/div>\n\t\t\t\t\t\t\t<\/div>\n\t\t\t<div class=\"elementor-tabs-content-wrapper\" role=\"tablist\" aria-orientation=\"vertical\">\n\t\t\t\t\t\t\t\t\t<div class=\"elementor-tab-title elementor-tab-mobile-title\" aria-selected=\"true\" data-tab=\"1\" role=\"tab\" tabindex=\"0\" aria-controls=\"elementor-tab-content-2681\" aria-expanded=\"false\">Departamento do Pr\u00e9-Escolar<\/div>\n\t\t\t\t\t<div id=\"elementor-tab-content-2681\" class=\"elementor-tab-content elementor-clearfix\" data-tab=\"1\" role=\"tabpanel\" aria-labelledby=\"elementor-tab-title-2681\" tabindex=\"0\" hidden=\"false\"><p><span style=\"color: #000080;\">Ana Isabel Silva<\/span><\/p><p>Ros\u00e1ria Ribeiro<\/p><p>Elsa Fran\u00e7a<\/p><p>Liliana Caninhas<\/p><p>Helena Cara\u00e7as<\/p><p>\u00a0<\/p><\/div>\n\t\t\t\t\t\t\t\t\t<div class=\"elementor-tab-title elementor-tab-mobile-title\" aria-selected=\"false\" data-tab=\"2\" role=\"tab\" tabindex=\"-1\" aria-controls=\"elementor-tab-content-2682\" aria-expanded=\"false\">Departamento do 1.\u00ba Ciclo<\/div>\n\t\t\t\t\t<div id=\"elementor-tab-content-2682\" class=\"elementor-tab-content elementor-clearfix\" data-tab=\"2\" role=\"tabpanel\" aria-labelledby=\"elementor-tab-title-2682\" tabindex=\"0\" hidden=\"hidden\"><p><span style=\"color: #000080;\">Fernanda Maria R. Temudo Mourato<\/span><\/p><p>Lurdes Morujo<\/p><p>Gra\u00e7a Charneco<\/p><p>Lurdes Vences<\/p><p>Alzira Leit\u00e3o<\/p><p>Fernanda Policarpo<\/p><p>Teresa Almeida<\/p><p>Fernanda Bengala<\/p><p>Z\u00e9lia March\u00e3o<\/p><p>Dina Domingos<\/p><p>Paula Marqu\u00eas<\/p><p>Ana Paula Beato<\/p><p><span style=\"font-size: 1rem;\">Guida Luz<\/span><\/p><p>M\u00aa Jo\u00e3o Biscaia<\/p><p>Susana Rodrigues<\/p><p>Andreia Madureira<\/p><\/div>\n\t\t\t\t\t\t\t\t\t<div class=\"elementor-tab-title elementor-tab-mobile-title\" aria-selected=\"false\" data-tab=\"3\" role=\"tab\" tabindex=\"-1\" aria-controls=\"elementor-tab-content-2683\" aria-expanded=\"false\">Departamento de L\u00ednguas<\/div>\n\t\t\t\t\t<div id=\"elementor-tab-content-2683\" class=\"elementor-tab-content elementor-clearfix\" data-tab=\"3\" role=\"tabpanel\" aria-labelledby=\"elementor-tab-title-2683\" tabindex=\"0\" hidden=\"hidden\"><p><span style=\"color: #000080;\">C\u00e9lia Flores<\/span><\/p><p>M\u00e1rio Macedo<\/p><p>Maria Cristina Godinho<\/p><p>An\u00e1lia Caixado<\/p><p>M\u00aa do Pilar Gouveia<\/p><p>C\u00e9lia Soares<\/p><p>Concei\u00e7\u00e3o Serra<\/p><p>M\u00aa Concei\u00e7\u00e3o Cabo Verde<\/p><p>Marisa Dinis<\/p><p>Gra\u00e7a Gra\u00e7a<\/p><p>Teresa Mendes<\/p><p>Guida Sim\u00e3o<\/p><p>Alexandra Estev\u00e3o<\/p><\/div>\n\t\t\t\t\t\t\t\t\t<div class=\"elementor-tab-title elementor-tab-mobile-title\" aria-selected=\"false\" data-tab=\"4\" role=\"tab\" tabindex=\"-1\" aria-controls=\"elementor-tab-content-2684\" aria-expanded=\"false\">Departamento Ci\u00eancias Exatas, da Natureza e Tecnologias<\/div>\n\t\t\t\t\t<div id=\"elementor-tab-content-2684\" class=\"elementor-tab-content elementor-clearfix\" data-tab=\"4\" role=\"tabpanel\" aria-labelledby=\"elementor-tab-title-2684\" tabindex=\"0\" hidden=\"hidden\"><p><span style=\"color: #000080;\">Fernanda Pires<\/span><\/p><p>Gra\u00e7a Zacarias<\/p><p>Ana Temudo<\/p><p>Fernanda Pires<\/p><p>Rita Estrela<\/p><p>Helena Pais<\/p><p>Nuno Carrilho<\/p><p>Paula Franco<\/p><p>S\u00edlvia Lopes<\/p><p>Anabela Antunes<\/p><p>Cl\u00e1udia Santos<\/p><p>M\u00e1rio Alfaia<\/p><p>Neuza Barboza<\/p><p>Alexandra Gon\u00e7alves<\/p><p>Tito L\u00edvio Filipe<\/p><p>Isabel Rovisco<\/p><p>Gon\u00e7alo Silva<\/p><\/div>\n\t\t\t\t\t\t\t\t\t<div class=\"elementor-tab-title elementor-tab-mobile-title\" aria-selected=\"false\" data-tab=\"5\" role=\"tab\" tabindex=\"-1\" aria-controls=\"elementor-tab-content-2685\" aria-expanded=\"false\">Departamento de Ci\u00eancias Sociais e Humanas<\/div>\n\t\t\t\t\t<div id=\"elementor-tab-content-2685\" class=\"elementor-tab-content elementor-clearfix\" data-tab=\"5\" role=\"tabpanel\" aria-labelledby=\"elementor-tab-title-2685\" tabindex=\"0\" hidden=\"hidden\"><p><span style=\"color: #000080;\">Catarina Figueiredo<\/span><\/p><p>F\u00e1tima Dias<\/p><p>Daniel Martins<\/p><p>Lurdes Bento<\/p><p>Carla Nascimento<\/p><p>Am\u00edlcar Zacarias<\/p><p>Joaquim Ferreira<\/p><\/div>\n\t\t\t\t\t\t\t\t\t<div class=\"elementor-tab-title elementor-tab-mobile-title\" aria-selected=\"false\" data-tab=\"6\" role=\"tab\" tabindex=\"-1\" aria-controls=\"elementor-tab-content-2686\" aria-expanded=\"false\">Departamento de Express\u00f5es<\/div>\n\t\t\t\t\t<div id=\"elementor-tab-content-2686\" class=\"elementor-tab-content elementor-clearfix\" data-tab=\"6\" role=\"tabpanel\" aria-labelledby=\"elementor-tab-title-2686\" tabindex=\"0\" hidden=\"hidden\"><p><span style=\"color: #000080;\">Laurinda Gon\u00e7alves<\/span><\/p><p>Cl\u00e1udio Pedrico<\/p><p>Alain Policarpo<\/p><p>Jos\u00e9 Louro<\/p><p>Lina Caixeiro<\/p><p><span style=\"font-size: 1rem;\">Filipe Roque Gon\u00e7alves<\/span><\/p><p>Ricardo Martins<\/p><p>J\u00falio Coelho<\/p><p>Mariana Farinha<\/p><p>Andr\u00e9 Pires<\/p><\/div>\n\t\t\t\t\t\t\t\t\t<div class=\"elementor-tab-title elementor-tab-mobile-title\" aria-selected=\"false\" data-tab=\"7\" role=\"tab\" tabindex=\"-1\" aria-controls=\"elementor-tab-content-2687\" aria-expanded=\"false\">Departamento de Educa\u00e7\u00e3o Especial<\/div>\n\t\t\t\t\t<div id=\"elementor-tab-content-2687\" class=\"elementor-tab-content elementor-clearfix\" data-tab=\"7\" role=\"tabpanel\" aria-labelledby=\"elementor-tab-title-2687\" tabindex=\"0\" hidden=\"hidden\"><p><span style=\"color: #000080;\">Jos\u00e9 Marques<\/span><\/p><p>Rosa Correia<\/p><p>Ana Policarpo<\/p><p>Cid\u00e1lia Almeida<\/p><p>Ana Maria Fernandes<\/p><p>Mariana Pires<\/p><\/div>\n\t\t\t\t\t\t\t<\/div>\n\t\t<\/div>\n\t\t\t\t\t\t<\/div>\n\t\t\t\t<\/div>\n\t\t\t\t<\/div>\n\t\t<div class=\"elementor-element elementor-element-a2c94e4 e-con-full e-flex elementor-invisible e-con e-parent\" data-id=\"a2c94e4\" data-element_type=\"container\" data-e-type=\"container\" id=\"dt\" data-settings=\"{&quot;background_background&quot;:&quot;classic&quot;,&quot;animation&quot;:&quot;fadeInUp&quot;}\">\n\t\t\t\t<div class=\"elementor-element elementor-element-e560995 elementor-widget elementor-widget-heading\" data-id=\"e560995\" data-element_type=\"widget\" data-e-type=\"widget\" data-widget_type=\"heading.default\">\n\t\t\t\t<div class=\"elementor-widget-container\">\n\t\t\t\t\t<h2 class=\"elementor-heading-title elementor-size-default\">Diretores de Turma<\/h2>\t\t\t\t<\/div>\n\t\t\t\t<\/div>\n\t\t\t\t<div class=\"elementor-element elementor-element-aea55fc elementor-widget elementor-widget-text-editor\" data-id=\"aea55fc\" data-element_type=\"widget\" data-e-type=\"widget\" data-widget_type=\"text-editor.default\">\n\t\t\t\t<div class=\"elementor-widget-container\">\n\t\t\t\t\t\t\t\t\t<p><a href=\"https:\/\/agrupamentonisa.edu.gov.pt\/site\/wp-content\/uploads\/2025\/09\/DTs-25-26.pdf\">Listagem de Diretores de Turma<\/a><\/p><p>\u00a0<\/p><div><a href=\"https:\/\/agrupamentonisa.edu.gov.pt\/site\/wp-content\/uploads\/2024\/09\/Horario-de-atendimento-aos-EE-2024-2025.doc.pdf\">Hor\u00e1rio de Atendimento dos Diretores de Turma<\/a><\/div>\t\t\t\t\t\t\t\t<\/div>\n\t\t\t\t<\/div>\n\t\t\t\t<\/div>\n\t\t<div class=\"elementor-element elementor-element-1ddb54d e-con-full e-flex elementor-invisible e-con e-parent\" data-id=\"1ddb54d\" data-element_type=\"container\" data-e-type=\"container\" id=\"repres\" data-settings=\"{&quot;background_background&quot;:&quot;classic&quot;,&quot;animation&quot;:&quot;fadeInUp&quot;}\">\n\t\t\t\t<div class=\"elementor-element elementor-element-677acb1 elementor-widget elementor-widget-heading\" data-id=\"677acb1\" data-element_type=\"widget\" data-e-type=\"widget\" data-widget_type=\"heading.default\">\n\t\t\t\t<div class=\"elementor-widget-container\">\n\t\t\t\t\t<h2 class=\"elementor-heading-title elementor-size-default\">Representantes do Alunos e Encarregados de Educa\u00e7\u00e3o<\/h2>\t\t\t\t<\/div>\n\t\t\t\t<\/div>\n\t\t\t\t<div class=\"elementor-element elementor-element-cd85a18 elementor-widget elementor-widget-text-editor\" data-id=\"cd85a18\" data-element_type=\"widget\" data-e-type=\"widget\" data-widget_type=\"text-editor.default\">\n\t\t\t\t<div class=\"elementor-widget-container\">\n\t\t\t\t\t\t\t\t\t<p><a href=\"https:\/\/aenisa-my.sharepoint.com\/:b:\/g\/personal\/aenisa_escolasdenisa_org_pt\/EUn0dckRmIlHjXA6VhAReeoBneaLcH2ai4Cbn-Km89F8pg?e=0rMKaH\">Alunos<\/a><\/p><div><a href=\"https:\/\/aenisa-my.sharepoint.com\/:b:\/g\/personal\/aenisa_escolasdenisa_org_pt\/ESVVf8X79btMozxH9T9nIVwBwbp885dUDcwsiszi2lXB2w?e=Yboexz\">Encarregados de Educa\u00e7\u00e3o<\/a><\/div>\t\t\t\t\t\t\t\t<\/div>\n\t\t\t\t<\/div>\n\t\t\t\t<\/div>\n\t\t<div class=\"elementor-element elementor-element-6be9bb9 e-con-full e-flex e-con e-parent\" data-id=\"6be9bb9\" data-element_type=\"container\" data-e-type=\"container\" data-settings=\"{&quot;background_background&quot;:&quot;classic&quot;}\">\n\t\t\t\t<div class=\"elementor-element elementor-element-d3917c1 elementor-widget elementor-widget-shortcode\" data-id=\"d3917c1\" data-element_type=\"widget\" data-e-type=\"widget\" data-widget_type=\"shortcode.default\">\n\t\t\t\t<div class=\"elementor-widget-container\">\n\t\t\t\t\t\t\t<div class=\"elementor-shortcode\">Data da \u00faltima altera\u00e7\u00e3o 4 de Fevereiro, 2026<\/div>\n\t\t\t\t\t\t<\/div>\n\t\t\t\t<\/div>\n\t\t\t\t<\/div>\n\t\t\t\t<\/div>\n\t\t","protected":false},"excerpt":{"rendered":"<p>Representantes Alunos e EE Calend\u00e1rio Escolar Diretores de Turma Departamentos Departamentos Departamento do Pr\u00e9-Escolar Departamento do 1.\u00ba Ciclo Departamento de&#8230;<\/p>\n","protected":false},"author":1,"featured_media":0,"parent":0,"menu_order":0,"comment_status":"closed","ping_status":"closed","template":"","meta":{"_lmt_disableupdate":"no","_lmt_disable":"","footnotes":""},"class_list":["post-2886","page","type-page","status-publish","hentry"],"yoast_head":"<!-- This site is optimized with the Yoast SEO plugin v25.5 - https:\/\/yoast.com\/wordpress\/plugins\/seo\/ -->\n<title>Informa\u00e7\u00f5es Gerais - Agrupamento de Escolas Nisa<\/title>\n<meta name=\"robots\" content=\"index, follow, max-snippet:-1, max-image-preview:large, max-video-preview:-1\" \/>\n<link rel=\"canonical\" href=\"https:\/\/agrupamentonisa.edu.gov.pt\/site\/info-gerais\/\" \/>\n<meta property=\"og:locale\" content=\"pt_PT\" \/>\n<meta property=\"og:type\" content=\"article\" \/>\n<meta property=\"og:title\" content=\"Informa\u00e7\u00f5es Gerais - Agrupamento de Escolas Nisa\" \/>\n<meta property=\"og:description\" content=\"Representantes Alunos e EE Calend\u00e1rio Escolar Diretores de Turma Departamentos Departamentos Departamento do Pr\u00e9-Escolar Departamento do 1.\u00ba Ciclo Departamento de...\" \/>\n<meta property=\"og:url\" content=\"https:\/\/agrupamentonisa.edu.gov.pt\/site\/info-gerais\/\" \/>\n<meta property=\"og:site_name\" content=\"Agrupamento de Escolas Nisa\" \/>\n<meta property=\"article:publisher\" content=\"https:\/\/www.facebook.com\/p\/Agrupamento-de-Escolas-de-Nisa-100031784060549\/?locale=pt_PT\" \/>\n<meta property=\"article:modified_time\" content=\"2026-02-04T08:59:56+00:00\" \/>\n<meta name=\"twitter:card\" content=\"summary_large_image\" \/>\n<meta name=\"twitter:label1\" content=\"Tempo estimado de leitura\" \/>\n\t<meta name=\"twitter:data1\" content=\"2 minutos\" \/>\n<script type=\"application\/ld+json\" class=\"yoast-schema-graph\">{\"@context\":\"https:\/\/schema.org\",\"@graph\":[{\"@type\":\"WebPage\",\"@id\":\"https:\/\/agrupamentonisa.edu.gov.pt\/site\/info-gerais\/\",\"url\":\"https:\/\/agrupamentonisa.edu.gov.pt\/site\/info-gerais\/\",\"name\":\"Informa\u00e7\u00f5es Gerais - Agrupamento de Escolas Nisa\",\"isPartOf\":{\"@id\":\"https:\/\/agrupamentonisa.edu.gov.pt\/site\/#website\"},\"datePublished\":\"2024-03-18T12:21:25+00:00\",\"dateModified\":\"2026-02-04T08:59:56+00:00\",\"breadcrumb\":{\"@id\":\"https:\/\/agrupamentonisa.edu.gov.pt\/site\/info-gerais\/#breadcrumb\"},\"inLanguage\":\"pt-PT\",\"potentialAction\":[{\"@type\":\"ReadAction\",\"target\":[\"https:\/\/agrupamentonisa.edu.gov.pt\/site\/info-gerais\/\"]}]},{\"@type\":\"BreadcrumbList\",\"@id\":\"https:\/\/agrupamentonisa.edu.gov.pt\/site\/info-gerais\/#breadcrumb\",\"itemListElement\":[{\"@type\":\"ListItem\",\"position\":1,\"name\":\"In\u00edcio\",\"item\":\"https:\/\/agrupamentonisa.edu.gov.pt\/site\/\"},{\"@type\":\"ListItem\",\"position\":2,\"name\":\"Informa\u00e7\u00f5es Gerais\"}]},{\"@type\":\"WebSite\",\"@id\":\"https:\/\/agrupamentonisa.edu.gov.pt\/site\/#website\",\"url\":\"https:\/\/agrupamentonisa.edu.gov.pt\/site\/\",\"name\":\"Agrupamento de Escolas Nisa\",\"description\":\"Site Escolar do Agrupamento de Escolas Nisa\",\"publisher\":{\"@id\":\"https:\/\/agrupamentonisa.edu.gov.pt\/site\/#organization\"},\"potentialAction\":[{\"@type\":\"SearchAction\",\"target\":{\"@type\":\"EntryPoint\",\"urlTemplate\":\"https:\/\/agrupamentonisa.edu.gov.pt\/site\/?s={search_term_string}\"},\"query-input\":{\"@type\":\"PropertyValueSpecification\",\"valueRequired\":true,\"valueName\":\"search_term_string\"}}],\"inLanguage\":\"pt-PT\"},{\"@type\":\"Organization\",\"@id\":\"https:\/\/agrupamentonisa.edu.gov.pt\/site\/#organization\",\"name\":\"Agrupamento de Escolas Nisa\",\"url\":\"https:\/\/agrupamentonisa.edu.gov.pt\/site\/\",\"logo\":{\"@type\":\"ImageObject\",\"inLanguage\":\"pt-PT\",\"@id\":\"https:\/\/agrupamentonisa.edu.gov.pt\/site\/#\/schema\/logo\/image\/\",\"url\":\"https:\/\/agrupamentonisa.edu.gov.pt\/site\/wp-content\/uploads\/2024\/03\/logo.png\",\"contentUrl\":\"https:\/\/agrupamentonisa.edu.gov.pt\/site\/wp-content\/uploads\/2024\/03\/logo.png\",\"width\":1086,\"height\":546,\"caption\":\"Agrupamento de Escolas Nisa\"},\"image\":{\"@id\":\"https:\/\/agrupamentonisa.edu.gov.pt\/site\/#\/schema\/logo\/image\/\"},\"sameAs\":[\"https:\/\/www.facebook.com\/p\/Agrupamento-de-Escolas-de-Nisa-100031784060549\/?locale=pt_PT\",\"https:\/\/www.youtube.com\/@canalyoutubeagrupamentonisa\"]}]}<\/script>\n<!-- \/ Yoast SEO plugin. -->","yoast_head_json":{"title":"Informa\u00e7\u00f5es Gerais - Agrupamento de Escolas Nisa","robots":{"index":"index","follow":"follow","max-snippet":"max-snippet:-1","max-image-preview":"max-image-preview:large","max-video-preview":"max-video-preview:-1"},"canonical":"https:\/\/agrupamentonisa.edu.gov.pt\/site\/info-gerais\/","og_locale":"pt_PT","og_type":"article","og_title":"Informa\u00e7\u00f5es Gerais - Agrupamento de Escolas Nisa","og_description":"Representantes Alunos e EE Calend\u00e1rio Escolar Diretores de Turma Departamentos Departamentos Departamento do Pr\u00e9-Escolar Departamento do 1.\u00ba Ciclo Departamento de...","og_url":"https:\/\/agrupamentonisa.edu.gov.pt\/site\/info-gerais\/","og_site_name":"Agrupamento de Escolas Nisa","article_publisher":"https:\/\/www.facebook.com\/p\/Agrupamento-de-Escolas-de-Nisa-100031784060549\/?locale=pt_PT","article_modified_time":"2026-02-04T08:59:56+00:00","twitter_card":"summary_large_image","twitter_misc":{"Tempo estimado de leitura":"2 minutos"},"schema":{"@context":"https:\/\/schema.org","@graph":[{"@type":"WebPage","@id":"https:\/\/agrupamentonisa.edu.gov.pt\/site\/info-gerais\/","url":"https:\/\/agrupamentonisa.edu.gov.pt\/site\/info-gerais\/","name":"Informa\u00e7\u00f5es Gerais - Agrupamento de Escolas Nisa","isPartOf":{"@id":"https:\/\/agrupamentonisa.edu.gov.pt\/site\/#website"},"datePublished":"2024-03-18T12:21:25+00:00","dateModified":"2026-02-04T08:59:56+00:00","breadcrumb":{"@id":"https:\/\/agrupamentonisa.edu.gov.pt\/site\/info-gerais\/#breadcrumb"},"inLanguage":"pt-PT","potentialAction":[{"@type":"ReadAction","target":["https:\/\/agrupamentonisa.edu.gov.pt\/site\/info-gerais\/"]}]},{"@type":"BreadcrumbList","@id":"https:\/\/agrupamentonisa.edu.gov.pt\/site\/info-gerais\/#breadcrumb","itemListElement":[{"@type":"ListItem","position":1,"name":"In\u00edcio","item":"https:\/\/agrupamentonisa.edu.gov.pt\/site\/"},{"@type":"ListItem","position":2,"name":"Informa\u00e7\u00f5es Gerais"}]},{"@type":"WebSite","@id":"https:\/\/agrupamentonisa.edu.gov.pt\/site\/#website","url":"https:\/\/agrupamentonisa.edu.gov.pt\/site\/","name":"Agrupamento de Escolas Nisa","description":"Site Escolar do Agrupamento de Escolas Nisa","publisher":{"@id":"https:\/\/agrupamentonisa.edu.gov.pt\/site\/#organization"},"potentialAction":[{"@type":"SearchAction","target":{"@type":"EntryPoint","urlTemplate":"https:\/\/agrupamentonisa.edu.gov.pt\/site\/?s={search_term_string}"},"query-input":{"@type":"PropertyValueSpecification","valueRequired":true,"valueName":"search_term_string"}}],"inLanguage":"pt-PT"},{"@type":"Organization","@id":"https:\/\/agrupamentonisa.edu.gov.pt\/site\/#organization","name":"Agrupamento de Escolas Nisa","url":"https:\/\/agrupamentonisa.edu.gov.pt\/site\/","logo":{"@type":"ImageObject","inLanguage":"pt-PT","@id":"https:\/\/agrupamentonisa.edu.gov.pt\/site\/#\/schema\/logo\/image\/","url":"https:\/\/agrupamentonisa.edu.gov.pt\/site\/wp-content\/uploads\/2024\/03\/logo.png","contentUrl":"https:\/\/agrupamentonisa.edu.gov.pt\/site\/wp-content\/uploads\/2024\/03\/logo.png","width":1086,"height":546,"caption":"Agrupamento de Escolas Nisa"},"image":{"@id":"https:\/\/agrupamentonisa.edu.gov.pt\/site\/#\/schema\/logo\/image\/"},"sameAs":["https:\/\/www.facebook.com\/p\/Agrupamento-de-Escolas-de-Nisa-100031784060549\/?locale=pt_PT","https:\/\/www.youtube.com\/@canalyoutubeagrupamentonisa"]}]}},"_links":{"self":[{"href":"https:\/\/agrupamentonisa.edu.gov.pt\/site\/wp-json\/wp\/v2\/pages\/2886","targetHints":{"allow":["GET"]}}],"collection":[{"href":"https:\/\/agrupamentonisa.edu.gov.pt\/site\/wp-json\/wp\/v2\/pages"}],"about":[{"href":"https:\/\/agrupamentonisa.edu.gov.pt\/site\/wp-json\/wp\/v2\/types\/page"}],"author":[{"embeddable":true,"href":"https:\/\/agrupamentonisa.edu.gov.pt\/site\/wp-json\/wp\/v2\/users\/1"}],"replies":[{"embeddable":true,"href":"https:\/\/agrupamentonisa.edu.gov.pt\/site\/wp-json\/wp\/v2\/comments?post=2886"}],"version-history":[{"count":79,"href":"https:\/\/agrupamentonisa.edu.gov.pt\/site\/wp-json\/wp\/v2\/pages\/2886\/revisions"}],"predecessor-version":[{"id":5430,"href":"https:\/\/agrupamentonisa.edu.gov.pt\/site\/wp-json\/wp\/v2\/pages\/2886\/revisions\/5430"}],"wp:attachment":[{"href":"https:\/\/agrupamentonisa.edu.gov.pt\/site\/wp-json\/wp\/v2\/media?parent=2886"}],"curies":[{"name":"wp","href":"https:\/\/api.w.org\/{rel}","templated":true}]}}