{"id":2567,"date":"2024-03-01T12:53:27","date_gmt":"2024-03-01T12:53:27","guid":{"rendered":"https:\/\/agrupamentonisa.edu.gov.pt\/site\/\/?page_id=2567"},"modified":"2025-08-29T12:07:42","modified_gmt":"2025-08-29T12:07:42","slug":"inovar","status":"publish","type":"page","link":"https:\/\/agrupamentonisa.edu.gov.pt\/site\/inovar\/","title":{"rendered":"Inovar"},"content":{"rendered":"\t\t<div data-elementor-type=\"wp-page\" data-elementor-id=\"2567\" class=\"elementor elementor-2567\" data-elementor-post-type=\"page\">\n\t\t\t\t<div class=\"elementor-element elementor-element-89e1e29 e-con-full e-flex e-con e-parent\" data-id=\"89e1e29\" data-element_type=\"container\" data-e-type=\"container\">\n\t\t<div class=\"elementor-element elementor-element-bbdaeb5 e-con-full e-flex e-con e-child\" data-id=\"bbdaeb5\" data-element_type=\"container\" data-e-type=\"container\">\n\t\t\t\t<div class=\"elementor-element elementor-element-cbd2fcb thim-ekit-team-default elementor-widget elementor-widget-thim-ekits-team\" data-id=\"cbd2fcb\" data-element_type=\"widget\" data-e-type=\"widget\" data-settings=\"{&quot;row_gap&quot;:{&quot;unit&quot;:&quot;px&quot;,&quot;size&quot;:35,&quot;sizes&quot;:[]},&quot;row_gap_tablet&quot;:{&quot;unit&quot;:&quot;px&quot;,&quot;size&quot;:&quot;&quot;,&quot;sizes&quot;:[]},&quot;row_gap_mobile&quot;:{&quot;unit&quot;:&quot;px&quot;,&quot;size&quot;:&quot;&quot;,&quot;sizes&quot;:[]}}\" data-widget_type=\"thim-ekits-team.default\">\n\t\t\t\t<div class=\"elementor-widget-container\">\n\t\t\t\t\t\n\t\t<div class=\"thim-ekit-team\">\n\t\t\t<div class=\"thim-ekit-team__inner\">\n\t\t\t\t\t\t\t\t\t\t<div class=\"thim-ekit-team__article post-2567 page type-page status-publish hentry\">\n\t\t\t\t\t\t\t\t\t<div class=\"thim-ekit-team__thumbnail\">\n\t\t\t<a class=\"thim-ekit-team__link\" href=\"https:\/\/aenisa.inovarmais.com\/alunos\/\">\t\t\t<div class=\"thim-ekit-team__image\">\n\t\t\t\t<img fetchpriority=\"high\" decoding=\"async\" width=\"640\" height=\"391\" src=\"https:\/\/agrupamentonisa.edu.gov.pt\/site\/wp-content\/uploads\/2024\/03\/inovar_ALUNOS-768x469.png\" class=\"attachment-medium_large size-medium_large wp-image-2569\" alt=\"inovar_alunos\" srcset=\"https:\/\/agrupamentonisa.edu.gov.pt\/site\/wp-content\/uploads\/2024\/03\/inovar_ALUNOS-768x469.png 768w, https:\/\/agrupamentonisa.edu.gov.pt\/site\/wp-content\/uploads\/2024\/03\/inovar_ALUNOS-300x183.png 300w, https:\/\/agrupamentonisa.edu.gov.pt\/site\/wp-content\/uploads\/2024\/03\/inovar_ALUNOS-1024x626.png 1024w, https:\/\/agrupamentonisa.edu.gov.pt\/site\/wp-content\/uploads\/2024\/03\/inovar_ALUNOS-1536x938.png 1536w, https:\/\/agrupamentonisa.edu.gov.pt\/site\/wp-content\/uploads\/2024\/03\/inovar_ALUNOS.png 2000w\" sizes=\"(max-width: 640px) 100vw, 640px\" \/>\t\t\t<\/div>\n\t\t\t<\/a>\t\t\t<div class=\"thim-ekit-team__list-social\"><\/div>\t\t<\/div>\n\t\t\t\t<div class=\"thim-ekit-team__content\">\n\t\t<a class=\"thim-ekit-team__member-name\" href=\"https:\/\/aenisa.inovarmais.com\/alunos\/\">Inovar Alunos<\/a>\t\t\t<div class=\"thim-ekit-team__member-description\">\n\t\t\t\tO professor acede a Sum\u00e1rios, Coordena\u00e7\u00e3o de Turma, Gest\u00e3o de Cursos, Avalia\u00e7\u00f5es, Crit\u00e9rios de Avalia\u00e7\u00e3o, Caracteriza\u00e7\u00e3o da Turma, Indicadores para a Gest\u00e3o.\t\t\t<\/div>\n\t\t\t\t\t<\/div>\n\t\t\t\t\t\t\t\t<\/div>\n\t\t\t\t\t\t\t\t\t<\/div>\n\t\t<\/div>\n\n\t\t\t\t\t\t<\/div>\n\t\t\t\t<\/div>\n\t\t\t\t<\/div>\n\t\t<div class=\"elementor-element elementor-element-7ae027f e-con-full e-flex e-con e-child\" data-id=\"7ae027f\" data-element_type=\"container\" data-e-type=\"container\">\n\t\t\t\t<div class=\"elementor-element elementor-element-957f39a thim-ekit-team-default elementor-widget elementor-widget-thim-ekits-team\" data-id=\"957f39a\" data-element_type=\"widget\" data-e-type=\"widget\" data-settings=\"{&quot;row_gap&quot;:{&quot;unit&quot;:&quot;px&quot;,&quot;size&quot;:35,&quot;sizes&quot;:[]},&quot;row_gap_tablet&quot;:{&quot;unit&quot;:&quot;px&quot;,&quot;size&quot;:&quot;&quot;,&quot;sizes&quot;:[]},&quot;row_gap_mobile&quot;:{&quot;unit&quot;:&quot;px&quot;,&quot;size&quot;:&quot;&quot;,&quot;sizes&quot;:[]}}\" data-widget_type=\"thim-ekits-team.default\">\n\t\t\t\t<div class=\"elementor-widget-container\">\n\t\t\t\t\t\n\t\t<div class=\"thim-ekit-team\">\n\t\t\t<div class=\"thim-ekit-team__inner\">\n\t\t\t\t\t\t\t\t\t\t<div class=\"thim-ekit-team__article post-2567 page type-page status-publish hentry\">\n\t\t\t\t\t\t\t\t\t<div class=\"thim-ekit-team__thumbnail\">\n\t\t\t<a class=\"thim-ekit-team__link\" href=\"https:\/\/aenisa.inovarmais.com\/consulta\">\t\t\t<div class=\"thim-ekit-team__image\">\n\t\t\t\t<img decoding=\"async\" width=\"640\" height=\"391\" src=\"https:\/\/agrupamentonisa.edu.gov.pt\/site\/wp-content\/uploads\/2024\/03\/inovar_CONSULTA-768x469.png\" class=\"attachment-medium_large size-medium_large wp-image-2570\" alt=\"inovar_consulta\" srcset=\"https:\/\/agrupamentonisa.edu.gov.pt\/site\/wp-content\/uploads\/2024\/03\/inovar_CONSULTA-768x469.png 768w, https:\/\/agrupamentonisa.edu.gov.pt\/site\/wp-content\/uploads\/2024\/03\/inovar_CONSULTA-300x183.png 300w, https:\/\/agrupamentonisa.edu.gov.pt\/site\/wp-content\/uploads\/2024\/03\/inovar_CONSULTA-1024x626.png 1024w, https:\/\/agrupamentonisa.edu.gov.pt\/site\/wp-content\/uploads\/2024\/03\/inovar_CONSULTA-1536x938.png 1536w, https:\/\/agrupamentonisa.edu.gov.pt\/site\/wp-content\/uploads\/2024\/03\/inovar_CONSULTA.png 2000w\" sizes=\"(max-width: 640px) 100vw, 640px\" \/>\t\t\t<\/div>\n\t\t\t<\/a>\t\t\t<div class=\"thim-ekit-team__list-social\"><\/div>\t\t<\/div>\n\t\t\t\t<div class=\"thim-ekit-team__content\">\n\t\t<a class=\"thim-ekit-team__member-name\" href=\"https:\/\/aenisa.inovarmais.com\/consulta\">Inovar Consulta<\/a>\t\t\t<div class=\"thim-ekit-team__member-description\">\n\t\t\t\tO aluno e o encarregado de educa\u00e7\u00e3o podem consultar avalia\u00e7\u00f5es, testes, iniciar processo de justifica\u00e7\u00e3o de faltas...\t\t\t<\/div>\n\t\t\t\t\t<\/div>\n\t\t\t\t\t\t\t\t<\/div>\n\t\t\t\t\t\t\t\t\t<\/div>\n\t\t<\/div>\n\n\t\t\t\t\t\t<\/div>\n\t\t\t\t<\/div>\n\t\t\t\t<\/div>\n\t\t<div class=\"elementor-element elementor-element-ed3df64 e-con-full e-flex e-con e-child\" data-id=\"ed3df64\" data-element_type=\"container\" data-e-type=\"container\">\n\t\t\t\t<div class=\"elementor-element elementor-element-a9e6b2c thim-ekit-team-default elementor-widget elementor-widget-thim-ekits-team\" data-id=\"a9e6b2c\" data-element_type=\"widget\" data-e-type=\"widget\" data-settings=\"{&quot;row_gap&quot;:{&quot;unit&quot;:&quot;px&quot;,&quot;size&quot;:35,&quot;sizes&quot;:[]},&quot;row_gap_tablet&quot;:{&quot;unit&quot;:&quot;px&quot;,&quot;size&quot;:&quot;&quot;,&quot;sizes&quot;:[]},&quot;row_gap_mobile&quot;:{&quot;unit&quot;:&quot;px&quot;,&quot;size&quot;:&quot;&quot;,&quot;sizes&quot;:[]}}\" data-widget_type=\"thim-ekits-team.default\">\n\t\t\t\t<div class=\"elementor-widget-container\">\n\t\t\t\t\t\n\t\t<div class=\"thim-ekit-team\">\n\t\t\t<div class=\"thim-ekit-team__inner\">\n\t\t\t\t\t\t\t\t\t\t<div class=\"thim-ekit-team__article post-2567 page type-page status-publish hentry\">\n\t\t\t\t\t\t\t\t\t<div class=\"thim-ekit-team__thumbnail\">\n\t\t\t<a class=\"thim-ekit-team__link\" href=\"https:\/\/aenisa.inovarmais.com\/paa\/Inicial.wgx\">\t\t\t<div class=\"thim-ekit-team__image\">\n\t\t\t\t<img decoding=\"async\" width=\"640\" height=\"391\" src=\"https:\/\/agrupamentonisa.edu.gov.pt\/site\/wp-content\/uploads\/2024\/03\/inovar_PAA-768x469.png\" class=\"attachment-medium_large size-medium_large wp-image-2571\" alt=\"\" srcset=\"https:\/\/agrupamentonisa.edu.gov.pt\/site\/wp-content\/uploads\/2024\/03\/inovar_PAA-768x469.png 768w, https:\/\/agrupamentonisa.edu.gov.pt\/site\/wp-content\/uploads\/2024\/03\/inovar_PAA-300x183.png 300w, https:\/\/agrupamentonisa.edu.gov.pt\/site\/wp-content\/uploads\/2024\/03\/inovar_PAA-1024x626.png 1024w, https:\/\/agrupamentonisa.edu.gov.pt\/site\/wp-content\/uploads\/2024\/03\/inovar_PAA-1536x938.png 1536w, https:\/\/agrupamentonisa.edu.gov.pt\/site\/wp-content\/uploads\/2024\/03\/inovar_PAA.png 2000w\" sizes=\"(max-width: 640px) 100vw, 640px\" \/>\t\t\t<\/div>\n\t\t\t<\/a>\t\t\t<div class=\"thim-ekit-team__list-social\"><\/div>\t\t<\/div>\n\t\t\t\t<div class=\"thim-ekit-team__content\">\n\t\t<a class=\"thim-ekit-team__member-name\" href=\"https:\/\/aenisa.inovarmais.com\/paa\/Inicial.wgx\">Inovar PAA<\/a>\t\t\t<div class=\"thim-ekit-team__member-description\">\n\t\t\t\tGest\u00e3o do Plano Anual de Atividades pelos docentes.\t\t\t<\/div>\n\t\t\t\t\t<\/div>\n\t\t\t\t\t\t\t\t<\/div>\n\t\t\t\t\t\t\t\t\t<\/div>\n\t\t<\/div>\n\n\t\t\t\t\t\t<\/div>\n\t\t\t\t<\/div>\n\t\t\t\t<\/div>\n\t\t<div class=\"elementor-element elementor-element-bbb5a6f e-con-full e-flex e-con e-child\" data-id=\"bbb5a6f\" data-element_type=\"container\" data-e-type=\"container\">\n\t\t\t\t<div class=\"elementor-element elementor-element-b5f4568 thim-ekit-team-default elementor-widget elementor-widget-thim-ekits-team\" data-id=\"b5f4568\" data-element_type=\"widget\" data-e-type=\"widget\" data-settings=\"{&quot;row_gap&quot;:{&quot;unit&quot;:&quot;px&quot;,&quot;size&quot;:35,&quot;sizes&quot;:[]},&quot;row_gap_tablet&quot;:{&quot;unit&quot;:&quot;px&quot;,&quot;size&quot;:&quot;&quot;,&quot;sizes&quot;:[]},&quot;row_gap_mobile&quot;:{&quot;unit&quot;:&quot;px&quot;,&quot;size&quot;:&quot;&quot;,&quot;sizes&quot;:[]}}\" data-widget_type=\"thim-ekits-team.default\">\n\t\t\t\t<div class=\"elementor-widget-container\">\n\t\t\t\t\t\n\t\t<div class=\"thim-ekit-team\">\n\t\t\t<div class=\"thim-ekit-team__inner\">\n\t\t\t\t\t\t\t\t\t\t<div class=\"thim-ekit-team__article post-2567 page type-page status-publish hentry\">\n\t\t\t\t\t\t\t\t\t<div class=\"thim-ekit-team__thumbnail\">\n\t\t\t<a class=\"thim-ekit-team__link\" href=\"https:\/\/aenisa.inovarmais.com\/paa\/\/viewer\/app\/index.html#\/home\">\t\t\t<div class=\"thim-ekit-team__image\">\n\t\t\t\t<img decoding=\"async\" width=\"640\" height=\"391\" src=\"https:\/\/agrupamentonisa.edu.gov.pt\/site\/wp-content\/uploads\/2024\/03\/inovar_PAA-768x469.png\" class=\"attachment-medium_large size-medium_large wp-image-2571\" alt=\"\" srcset=\"https:\/\/agrupamentonisa.edu.gov.pt\/site\/wp-content\/uploads\/2024\/03\/inovar_PAA-768x469.png 768w, https:\/\/agrupamentonisa.edu.gov.pt\/site\/wp-content\/uploads\/2024\/03\/inovar_PAA-300x183.png 300w, https:\/\/agrupamentonisa.edu.gov.pt\/site\/wp-content\/uploads\/2024\/03\/inovar_PAA-1024x626.png 1024w, https:\/\/agrupamentonisa.edu.gov.pt\/site\/wp-content\/uploads\/2024\/03\/inovar_PAA-1536x938.png 1536w, https:\/\/agrupamentonisa.edu.gov.pt\/site\/wp-content\/uploads\/2024\/03\/inovar_PAA.png 2000w\" sizes=\"(max-width: 640px) 100vw, 640px\" \/>\t\t\t<\/div>\n\t\t\t<\/a>\t\t\t<div class=\"thim-ekit-team__list-social\"><\/div>\t\t<\/div>\n\t\t\t\t<div class=\"thim-ekit-team__content\">\n\t\t<a class=\"thim-ekit-team__member-name\" href=\"https:\/\/aenisa.inovarmais.com\/paa\/\/viewer\/app\/index.html#\/home\">Inovar - Agenda de Atividades<\/a>\t\t<\/div>\n\t\t\t\t\t\t\t\t<\/div>\n\t\t\t\t\t\t\t\t\t<\/div>\n\t\t<\/div>\n\n\t\t\t\t\t\t<\/div>\n\t\t\t\t<\/div>\n\t\t\t\t<\/div>\n\t\t\t\t<\/div>\n\t\t<div class=\"elementor-element elementor-element-12eed98 e-flex e-con-boxed e-con e-parent\" data-id=\"12eed98\" data-element_type=\"container\" data-e-type=\"container\">\n\t\t\t\t\t<div class=\"e-con-inner\">\n\t\t\t\t\t<\/div>\n\t\t\t\t<\/div>\n\t\t<div class=\"elementor-element elementor-element-c70b33c e-con-full e-flex e-con e-parent\" data-id=\"c70b33c\" data-element_type=\"container\" data-e-type=\"container\" data-settings=\"{&quot;background_background&quot;:&quot;classic&quot;}\">\n\t\t\t\t<div class=\"elementor-element elementor-element-e98c2e6 elementor-widget elementor-widget-shortcode\" data-id=\"e98c2e6\" data-element_type=\"widget\" data-e-type=\"widget\" data-widget_type=\"shortcode.default\">\n\t\t\t\t<div class=\"elementor-widget-container\">\n\t\t\t\t\t\t\t<div class=\"elementor-shortcode\">Data da \u00faltima altera\u00e7\u00e3o 29 de Agosto, 2025<\/div>\n\t\t\t\t\t\t<\/div>\n\t\t\t\t<\/div>\n\t\t\t\t<\/div>\n\t\t\t\t<\/div>\n\t\t","protected":false},"excerpt":{"rendered":"<p>Inovar Alunos O professor acede a Sum\u00e1rios, Coordena\u00e7\u00e3o de Turma, Gest\u00e3o de Cursos, Avalia\u00e7\u00f5es, Crit\u00e9rios de Avalia\u00e7\u00e3o, Caracteriza\u00e7\u00e3o da Turma,&#8230;<\/p>\n","protected":false},"author":1,"featured_media":0,"parent":0,"menu_order":0,"comment_status":"closed","ping_status":"closed","template":"","meta":{"_lmt_disableupdate":"","_lmt_disable":"","footnotes":""},"class_list":["post-2567","page","type-page","status-publish","hentry"],"yoast_head":"<!-- This site is optimized with the Yoast SEO plugin v25.5 - https:\/\/yoast.com\/wordpress\/plugins\/seo\/ -->\n<title>Inovar - Agrupamento de Escolas Nisa<\/title>\n<meta name=\"robots\" content=\"index, follow, max-snippet:-1, max-image-preview:large, max-video-preview:-1\" \/>\n<link rel=\"canonical\" href=\"https:\/\/agrupamentonisa.edu.gov.pt\/site\/inovar\/\" \/>\n<meta property=\"og:locale\" content=\"pt_PT\" \/>\n<meta property=\"og:type\" content=\"article\" \/>\n<meta property=\"og:title\" content=\"Inovar - Agrupamento de Escolas Nisa\" \/>\n<meta property=\"og:description\" content=\"Inovar Alunos O professor acede a Sum\u00e1rios, Coordena\u00e7\u00e3o de Turma, Gest\u00e3o de Cursos, Avalia\u00e7\u00f5es, Crit\u00e9rios de Avalia\u00e7\u00e3o, Caracteriza\u00e7\u00e3o da Turma,...\" \/>\n<meta property=\"og:url\" content=\"https:\/\/agrupamentonisa.edu.gov.pt\/site\/inovar\/\" \/>\n<meta property=\"og:site_name\" content=\"Agrupamento de Escolas Nisa\" \/>\n<meta property=\"article:publisher\" content=\"https:\/\/www.facebook.com\/p\/Agrupamento-de-Escolas-de-Nisa-100031784060549\/?locale=pt_PT\" \/>\n<meta property=\"article:modified_time\" content=\"2025-08-29T12:07:42+00:00\" \/>\n<meta property=\"og:image\" content=\"https:\/\/agrupamentonisa.edu.gov.pt\/site\/wp-content\/uploads\/2024\/03\/inovar_ALUNOS.png\" \/>\n\t<meta property=\"og:image:width\" content=\"2000\" \/>\n\t<meta property=\"og:image:height\" content=\"1222\" \/>\n\t<meta property=\"og:image:type\" content=\"image\/png\" \/>\n<meta name=\"twitter:card\" content=\"summary_large_image\" \/>\n<meta name=\"twitter:label1\" content=\"Tempo estimado de leitura\" \/>\n\t<meta name=\"twitter:data1\" content=\"2 minutos\" \/>\n<script type=\"application\/ld+json\" class=\"yoast-schema-graph\">{\"@context\":\"https:\/\/schema.org\",\"@graph\":[{\"@type\":\"WebPage\",\"@id\":\"https:\/\/agrupamentonisa.edu.gov.pt\/site\/inovar\/\",\"url\":\"https:\/\/agrupamentonisa.edu.gov.pt\/site\/inovar\/\",\"name\":\"Inovar - Agrupamento de Escolas Nisa\",\"isPartOf\":{\"@id\":\"https:\/\/agrupamentonisa.edu.gov.pt\/site\/#website\"},\"primaryImageOfPage\":{\"@id\":\"https:\/\/agrupamentonisa.edu.gov.pt\/site\/inovar\/#primaryimage\"},\"image\":{\"@id\":\"https:\/\/agrupamentonisa.edu.gov.pt\/site\/inovar\/#primaryimage\"},\"thumbnailUrl\":\"https:\/\/agrupamentonisa.edu.gov.pt\/site\/wp-content\/uploads\/2024\/03\/inovar_ALUNOS-768x469.png\",\"datePublished\":\"2024-03-01T12:53:27+00:00\",\"dateModified\":\"2025-08-29T12:07:42+00:00\",\"breadcrumb\":{\"@id\":\"https:\/\/agrupamentonisa.edu.gov.pt\/site\/inovar\/#breadcrumb\"},\"inLanguage\":\"pt-PT\",\"potentialAction\":[{\"@type\":\"ReadAction\",\"target\":[\"https:\/\/agrupamentonisa.edu.gov.pt\/site\/inovar\/\"]}]},{\"@type\":\"ImageObject\",\"inLanguage\":\"pt-PT\",\"@id\":\"https:\/\/agrupamentonisa.edu.gov.pt\/site\/inovar\/#primaryimage\",\"url\":\"https:\/\/agrupamentonisa.edu.gov.pt\/site\/wp-content\/uploads\/2024\/03\/inovar_ALUNOS.png\",\"contentUrl\":\"https:\/\/agrupamentonisa.edu.gov.pt\/site\/wp-content\/uploads\/2024\/03\/inovar_ALUNOS.png\",\"width\":2000,\"height\":1222,\"caption\":\"O professor acede a Sum\u00e1rios, Coordena\u00e7\u00e3o de Turma, Gest\u00e3o de Cursos, Avalia\u00e7\u00f5es, Crit\u00e9rios de Avalia\u00e7\u00e3o, Caracteriza\u00e7\u00e3o da Turma, Indicadores para a Gest\u00e3o.\"},{\"@type\":\"BreadcrumbList\",\"@id\":\"https:\/\/agrupamentonisa.edu.gov.pt\/site\/inovar\/#breadcrumb\",\"itemListElement\":[{\"@type\":\"ListItem\",\"position\":1,\"name\":\"In\u00edcio\",\"item\":\"https:\/\/agrupamentonisa.edu.gov.pt\/site\/\"},{\"@type\":\"ListItem\",\"position\":2,\"name\":\"Inovar\"}]},{\"@type\":\"WebSite\",\"@id\":\"https:\/\/agrupamentonisa.edu.gov.pt\/site\/#website\",\"url\":\"https:\/\/agrupamentonisa.edu.gov.pt\/site\/\",\"name\":\"Agrupamento de Escolas Nisa\",\"description\":\"Site Escolar do Agrupamento de Escolas Nisa\",\"publisher\":{\"@id\":\"https:\/\/agrupamentonisa.edu.gov.pt\/site\/#organization\"},\"potentialAction\":[{\"@type\":\"SearchAction\",\"target\":{\"@type\":\"EntryPoint\",\"urlTemplate\":\"https:\/\/agrupamentonisa.edu.gov.pt\/site\/?s={search_term_string}\"},\"query-input\":{\"@type\":\"PropertyValueSpecification\",\"valueRequired\":true,\"valueName\":\"search_term_string\"}}],\"inLanguage\":\"pt-PT\"},{\"@type\":\"Organization\",\"@id\":\"https:\/\/agrupamentonisa.edu.gov.pt\/site\/#organization\",\"name\":\"Agrupamento de Escolas Nisa\",\"url\":\"https:\/\/agrupamentonisa.edu.gov.pt\/site\/\",\"logo\":{\"@type\":\"ImageObject\",\"inLanguage\":\"pt-PT\",\"@id\":\"https:\/\/agrupamentonisa.edu.gov.pt\/site\/#\/schema\/logo\/image\/\",\"url\":\"https:\/\/agrupamentonisa.edu.gov.pt\/site\/wp-content\/uploads\/2024\/03\/logo.png\",\"contentUrl\":\"https:\/\/agrupamentonisa.edu.gov.pt\/site\/wp-content\/uploads\/2024\/03\/logo.png\",\"width\":1086,\"height\":546,\"caption\":\"Agrupamento de Escolas Nisa\"},\"image\":{\"@id\":\"https:\/\/agrupamentonisa.edu.gov.pt\/site\/#\/schema\/logo\/image\/\"},\"sameAs\":[\"https:\/\/www.facebook.com\/p\/Agrupamento-de-Escolas-de-Nisa-100031784060549\/?locale=pt_PT\",\"https:\/\/www.youtube.com\/@canalyoutubeagrupamentonisa\"]}]}<\/script>\n<!-- \/ Yoast SEO plugin. -->","yoast_head_json":{"title":"Inovar - Agrupamento de Escolas Nisa","robots":{"index":"index","follow":"follow","max-snippet":"max-snippet:-1","max-image-preview":"max-image-preview:large","max-video-preview":"max-video-preview:-1"},"canonical":"https:\/\/agrupamentonisa.edu.gov.pt\/site\/inovar\/","og_locale":"pt_PT","og_type":"article","og_title":"Inovar - Agrupamento de Escolas Nisa","og_description":"Inovar Alunos O professor acede a Sum\u00e1rios, Coordena\u00e7\u00e3o de Turma, Gest\u00e3o de Cursos, Avalia\u00e7\u00f5es, Crit\u00e9rios de Avalia\u00e7\u00e3o, Caracteriza\u00e7\u00e3o da Turma,...","og_url":"https:\/\/agrupamentonisa.edu.gov.pt\/site\/inovar\/","og_site_name":"Agrupamento de Escolas Nisa","article_publisher":"https:\/\/www.facebook.com\/p\/Agrupamento-de-Escolas-de-Nisa-100031784060549\/?locale=pt_PT","article_modified_time":"2025-08-29T12:07:42+00:00","og_image":[{"width":2000,"height":1222,"url":"https:\/\/agrupamentonisa.edu.gov.pt\/site\/wp-content\/uploads\/2024\/03\/inovar_ALUNOS.png","type":"image\/png"}],"twitter_card":"summary_large_image","twitter_misc":{"Tempo estimado de leitura":"2 minutos"},"schema":{"@context":"https:\/\/schema.org","@graph":[{"@type":"WebPage","@id":"https:\/\/agrupamentonisa.edu.gov.pt\/site\/inovar\/","url":"https:\/\/agrupamentonisa.edu.gov.pt\/site\/inovar\/","name":"Inovar - Agrupamento de Escolas Nisa","isPartOf":{"@id":"https:\/\/agrupamentonisa.edu.gov.pt\/site\/#website"},"primaryImageOfPage":{"@id":"https:\/\/agrupamentonisa.edu.gov.pt\/site\/inovar\/#primaryimage"},"image":{"@id":"https:\/\/agrupamentonisa.edu.gov.pt\/site\/inovar\/#primaryimage"},"thumbnailUrl":"https:\/\/agrupamentonisa.edu.gov.pt\/site\/wp-content\/uploads\/2024\/03\/inovar_ALUNOS-768x469.png","datePublished":"2024-03-01T12:53:27+00:00","dateModified":"2025-08-29T12:07:42+00:00","breadcrumb":{"@id":"https:\/\/agrupamentonisa.edu.gov.pt\/site\/inovar\/#breadcrumb"},"inLanguage":"pt-PT","potentialAction":[{"@type":"ReadAction","target":["https:\/\/agrupamentonisa.edu.gov.pt\/site\/inovar\/"]}]},{"@type":"ImageObject","inLanguage":"pt-PT","@id":"https:\/\/agrupamentonisa.edu.gov.pt\/site\/inovar\/#primaryimage","url":"https:\/\/agrupamentonisa.edu.gov.pt\/site\/wp-content\/uploads\/2024\/03\/inovar_ALUNOS.png","contentUrl":"https:\/\/agrupamentonisa.edu.gov.pt\/site\/wp-content\/uploads\/2024\/03\/inovar_ALUNOS.png","width":2000,"height":1222,"caption":"O professor acede a Sum\u00e1rios, Coordena\u00e7\u00e3o de Turma, Gest\u00e3o de Cursos, Avalia\u00e7\u00f5es, Crit\u00e9rios de Avalia\u00e7\u00e3o, Caracteriza\u00e7\u00e3o da Turma, Indicadores para a Gest\u00e3o."},{"@type":"BreadcrumbList","@id":"https:\/\/agrupamentonisa.edu.gov.pt\/site\/inovar\/#breadcrumb","itemListElement":[{"@type":"ListItem","position":1,"name":"In\u00edcio","item":"https:\/\/agrupamentonisa.edu.gov.pt\/site\/"},{"@type":"ListItem","position":2,"name":"Inovar"}]},{"@type":"WebSite","@id":"https:\/\/agrupamentonisa.edu.gov.pt\/site\/#website","url":"https:\/\/agrupamentonisa.edu.gov.pt\/site\/","name":"Agrupamento de Escolas Nisa","description":"Site Escolar do Agrupamento de Escolas Nisa","publisher":{"@id":"https:\/\/agrupamentonisa.edu.gov.pt\/site\/#organization"},"potentialAction":[{"@type":"SearchAction","target":{"@type":"EntryPoint","urlTemplate":"https:\/\/agrupamentonisa.edu.gov.pt\/site\/?s={search_term_string}"},"query-input":{"@type":"PropertyValueSpecification","valueRequired":true,"valueName":"search_term_string"}}],"inLanguage":"pt-PT"},{"@type":"Organization","@id":"https:\/\/agrupamentonisa.edu.gov.pt\/site\/#organization","name":"Agrupamento de Escolas Nisa","url":"https:\/\/agrupamentonisa.edu.gov.pt\/site\/","logo":{"@type":"ImageObject","inLanguage":"pt-PT","@id":"https:\/\/agrupamentonisa.edu.gov.pt\/site\/#\/schema\/logo\/image\/","url":"https:\/\/agrupamentonisa.edu.gov.pt\/site\/wp-content\/uploads\/2024\/03\/logo.png","contentUrl":"https:\/\/agrupamentonisa.edu.gov.pt\/site\/wp-content\/uploads\/2024\/03\/logo.png","width":1086,"height":546,"caption":"Agrupamento de Escolas Nisa"},"image":{"@id":"https:\/\/agrupamentonisa.edu.gov.pt\/site\/#\/schema\/logo\/image\/"},"sameAs":["https:\/\/www.facebook.com\/p\/Agrupamento-de-Escolas-de-Nisa-100031784060549\/?locale=pt_PT","https:\/\/www.youtube.com\/@canalyoutubeagrupamentonisa"]}]}},"_links":{"self":[{"href":"https:\/\/agrupamentonisa.edu.gov.pt\/site\/wp-json\/wp\/v2\/pages\/2567","targetHints":{"allow":["GET"]}}],"collection":[{"href":"https:\/\/agrupamentonisa.edu.gov.pt\/site\/wp-json\/wp\/v2\/pages"}],"about":[{"href":"https:\/\/agrupamentonisa.edu.gov.pt\/site\/wp-json\/wp\/v2\/types\/page"}],"author":[{"embeddable":true,"href":"https:\/\/agrupamentonisa.edu.gov.pt\/site\/wp-json\/wp\/v2\/users\/1"}],"replies":[{"embeddable":true,"href":"https:\/\/agrupamentonisa.edu.gov.pt\/site\/wp-json\/wp\/v2\/comments?post=2567"}],"version-history":[{"count":43,"href":"https:\/\/agrupamentonisa.edu.gov.pt\/site\/wp-json\/wp\/v2\/pages\/2567\/revisions"}],"predecessor-version":[{"id":5098,"href":"https:\/\/agrupamentonisa.edu.gov.pt\/site\/wp-json\/wp\/v2\/pages\/2567\/revisions\/5098"}],"wp:attachment":[{"href":"https:\/\/agrupamentonisa.edu.gov.pt\/site\/wp-json\/wp\/v2\/media?parent=2567"}],"curies":[{"name":"wp","href":"https:\/\/api.w.org\/{rel}","templated":true}]}}