{"id":2268,"date":"2024-01-26T17:35:45","date_gmt":"2024-01-26T17:35:45","guid":{"rendered":"https:\/\/agrupamentonisa.edu.gov.pt\/site\/\/?page_id=2268"},"modified":"2024-01-26T17:39:09","modified_gmt":"2024-01-26T17:39:09","slug":"gabinete-de-apoio-ao-aluno-e-a-familia","status":"publish","type":"page","link":"https:\/\/agrupamentonisa.edu.gov.pt\/site\/gabinete-de-apoio-ao-aluno-e-a-familia\/","title":{"rendered":"Gabinete de Apoio ao Aluno e \u00e0 Fam\u00edlia"},"content":{"rendered":"\t\t<div data-elementor-type=\"wp-page\" data-elementor-id=\"2268\" class=\"elementor elementor-2268\" data-elementor-post-type=\"page\">\n\t\t\t\t<div class=\"elementor-element elementor-element-17c4298 e-flex e-con-boxed e-con e-parent\" data-id=\"17c4298\" data-element_type=\"container\" data-e-type=\"container\">\n\t\t\t\t\t<div class=\"e-con-inner\">\n\t\t\t\t<div class=\"elementor-element elementor-element-d013579 elementor-widget elementor-widget-heading\" data-id=\"d013579\" data-element_type=\"widget\" data-e-type=\"widget\" data-widget_type=\"heading.default\">\n\t\t\t\t<div class=\"elementor-widget-container\">\n\t\t\t\t\t<h2 class=\"elementor-heading-title elementor-size-default\">Como ajudar o seu filho a estudar melhor<\/h2>\t\t\t\t<\/div>\n\t\t\t\t<\/div>\n\t\t\t\t<div class=\"elementor-element elementor-element-1f32d16 elementor-widget elementor-widget-image\" data-id=\"1f32d16\" data-element_type=\"widget\" data-e-type=\"widget\" data-widget_type=\"image.default\">\n\t\t\t\t<div class=\"elementor-widget-container\">\n\t\t\t\t\t\t\t\t\t\t\t\t\t\t\t\t<a href=\"\/wp-content\/uploads\/2024\/01\/folheto_estudar_melhor.pdf\">\n\t\t\t\t\t\t\t<img fetchpriority=\"high\" decoding=\"async\" width=\"640\" height=\"459\" src=\"https:\/\/agrupamentonisa.edu.gov.pt\/site\/wp-content\/uploads\/2024\/01\/aprender-a-estudar_Page_1-1024x735.jpg\" class=\"attachment-large size-large wp-image-2270\" alt=\"\" srcset=\"https:\/\/agrupamentonisa.edu.gov.pt\/site\/wp-content\/uploads\/2024\/01\/aprender-a-estudar_Page_1-1024x735.jpg 1024w, https:\/\/agrupamentonisa.edu.gov.pt\/site\/wp-content\/uploads\/2024\/01\/aprender-a-estudar_Page_1-300x215.jpg 300w, https:\/\/agrupamentonisa.edu.gov.pt\/site\/wp-content\/uploads\/2024\/01\/aprender-a-estudar_Page_1-768x551.jpg 768w, https:\/\/agrupamentonisa.edu.gov.pt\/site\/wp-content\/uploads\/2024\/01\/aprender-a-estudar_Page_1-1536x1103.jpg 1536w, https:\/\/agrupamentonisa.edu.gov.pt\/site\/wp-content\/uploads\/2024\/01\/aprender-a-estudar_Page_1-2048x1470.jpg 2048w\" sizes=\"(max-width: 640px) 100vw, 640px\" \/>\t\t\t\t\t\t\t\t<\/a>\n\t\t\t\t\t\t\t\t\t\t\t\t\t\t\t<\/div>\n\t\t\t\t<\/div>\n\t\t\t\t<div class=\"elementor-element elementor-element-6e5640b elementor-button-info elementor-align-center elementor-widget elementor-widget-button\" data-id=\"6e5640b\" data-element_type=\"widget\" data-e-type=\"widget\" data-widget_type=\"button.default\">\n\t\t\t\t<div class=\"elementor-widget-container\">\n\t\t\t\t\t\t\t\t\t<div class=\"elementor-button-wrapper\">\n\t\t\t\t\t<a class=\"elementor-button elementor-button-link elementor-size-sm\" href=\"\/wp-content\/uploads\/2024\/01\/folheto_estudar_melhor.pdf\" target=\"_blank\">\n\t\t\t\t\t\t<span class=\"elementor-button-content-wrapper\">\n\t\t\t\t\t\t\t\t\t<span class=\"elementor-button-text\">Ver Folheto<\/span>\n\t\t\t\t\t<\/span>\n\t\t\t\t\t<\/a>\n\t\t\t\t<\/div>\n\t\t\t\t\t\t\t\t<\/div>\n\t\t\t\t<\/div>\n\t\t\t\t\t<\/div>\n\t\t\t\t<\/div>\n\t\t<div class=\"elementor-element elementor-element-a4fab3f e-flex e-con-boxed e-con e-parent\" data-id=\"a4fab3f\" data-element_type=\"container\" data-e-type=\"container\">\n\t\t\t\t\t<div class=\"e-con-inner\">\n\t\t\t\t<div class=\"elementor-element elementor-element-75bf9f5 elementor-widget elementor-widget-spacer\" data-id=\"75bf9f5\" data-element_type=\"widget\" data-e-type=\"widget\" data-widget_type=\"spacer.default\">\n\t\t\t\t<div class=\"elementor-widget-container\">\n\t\t\t\t\t\t\t<div class=\"elementor-spacer\">\n\t\t\t<div class=\"elementor-spacer-inner\"><\/div>\n\t\t<\/div>\n\t\t\t\t\t\t<\/div>\n\t\t\t\t<\/div>\n\t\t\t\t\t<\/div>\n\t\t\t\t<\/div>\n\t\t<div class=\"elementor-element elementor-element-c68095b e-flex e-con-boxed e-con e-parent\" data-id=\"c68095b\" data-element_type=\"container\" data-e-type=\"container\">\n\t\t\t\t\t<div class=\"e-con-inner\">\n\t\t\t\t<div class=\"elementor-element elementor-element-3c7d5cd elementor-widget elementor-widget-heading\" data-id=\"3c7d5cd\" data-element_type=\"widget\" data-e-type=\"widget\" data-widget_type=\"heading.default\">\n\t\t\t\t<div class=\"elementor-widget-container\">\n\t\t\t\t\t<h2 class=\"elementor-heading-title elementor-size-default\">Diga n\u00e3o ao bullying<\/h2>\t\t\t\t<\/div>\n\t\t\t\t<\/div>\n\t\t\t\t<div class=\"elementor-element elementor-element-a2179c5 elementor-widget elementor-widget-image\" data-id=\"a2179c5\" data-element_type=\"widget\" data-e-type=\"widget\" data-widget_type=\"image.default\">\n\t\t\t\t<div class=\"elementor-widget-container\">\n\t\t\t\t\t\t\t\t\t\t\t\t\t\t\t\t<a href=\"\/wp-content\/uploads\/2024\/01\/folheto_nao_bullying.pdf\">\n\t\t\t\t\t\t\t<img decoding=\"async\" width=\"640\" height=\"459\" src=\"https:\/\/agrupamentonisa.edu.gov.pt\/site\/wp-content\/uploads\/2024\/01\/bullying_Page_1-1024x735.jpg\" class=\"attachment-large size-large wp-image-2271\" alt=\"\" srcset=\"https:\/\/agrupamentonisa.edu.gov.pt\/site\/wp-content\/uploads\/2024\/01\/bullying_Page_1-1024x735.jpg 1024w, https:\/\/agrupamentonisa.edu.gov.pt\/site\/wp-content\/uploads\/2024\/01\/bullying_Page_1-300x215.jpg 300w, https:\/\/agrupamentonisa.edu.gov.pt\/site\/wp-content\/uploads\/2024\/01\/bullying_Page_1-768x551.jpg 768w, https:\/\/agrupamentonisa.edu.gov.pt\/site\/wp-content\/uploads\/2024\/01\/bullying_Page_1-1536x1103.jpg 1536w, https:\/\/agrupamentonisa.edu.gov.pt\/site\/wp-content\/uploads\/2024\/01\/bullying_Page_1-2048x1470.jpg 2048w\" sizes=\"(max-width: 640px) 100vw, 640px\" \/>\t\t\t\t\t\t\t\t<\/a>\n\t\t\t\t\t\t\t\t\t\t\t\t\t\t\t<\/div>\n\t\t\t\t<\/div>\n\t\t\t\t<div class=\"elementor-element elementor-element-f55640a elementor-button-info elementor-align-center elementor-widget elementor-widget-button\" data-id=\"f55640a\" data-element_type=\"widget\" data-e-type=\"widget\" data-widget_type=\"button.default\">\n\t\t\t\t<div class=\"elementor-widget-container\">\n\t\t\t\t\t\t\t\t\t<div class=\"elementor-button-wrapper\">\n\t\t\t\t\t<a class=\"elementor-button elementor-button-link elementor-size-sm\" href=\"\/wp-content\/uploads\/2024\/01\/folheto_nao_bullying.pdf\" target=\"_blank\">\n\t\t\t\t\t\t<span class=\"elementor-button-content-wrapper\">\n\t\t\t\t\t\t\t\t\t<span class=\"elementor-button-text\">Ver Folheto<\/span>\n\t\t\t\t\t<\/span>\n\t\t\t\t\t<\/a>\n\t\t\t\t<\/div>\n\t\t\t\t\t\t\t\t<\/div>\n\t\t\t\t<\/div>\n\t\t\t\t\t<\/div>\n\t\t\t\t<\/div>\n\t\t<div class=\"elementor-element elementor-element-7a26874 e-flex e-con-boxed e-con e-parent\" data-id=\"7a26874\" data-element_type=\"container\" data-e-type=\"container\">\n\t\t\t\t\t<div class=\"e-con-inner\">\n\t\t\t\t<div class=\"elementor-element elementor-element-4421f46 elementor-widget elementor-widget-spacer\" data-id=\"4421f46\" data-element_type=\"widget\" data-e-type=\"widget\" data-widget_type=\"spacer.default\">\n\t\t\t\t<div class=\"elementor-widget-container\">\n\t\t\t\t\t\t\t<div class=\"elementor-spacer\">\n\t\t\t<div class=\"elementor-spacer-inner\"><\/div>\n\t\t<\/div>\n\t\t\t\t\t\t<\/div>\n\t\t\t\t<\/div>\n\t\t\t\t\t<\/div>\n\t\t\t\t<\/div>\n\t\t<div class=\"elementor-element elementor-element-334efc3 e-flex e-con-boxed e-con e-parent\" data-id=\"334efc3\" data-element_type=\"container\" data-e-type=\"container\">\n\t\t\t\t\t<div class=\"e-con-inner\">\n\t\t\t\t<div class=\"elementor-element elementor-element-4e5c5dc elementor-widget elementor-widget-heading\" data-id=\"4e5c5dc\" data-element_type=\"widget\" data-e-type=\"widget\" data-widget_type=\"heading.default\">\n\t\t\t\t<div class=\"elementor-widget-container\">\n\t\t\t\t\t<h2 class=\"elementor-heading-title elementor-size-default\"> GAAF \u2013 Gabinete de Apoio ao Aluno e \u00e0 Fam\u00edlia<\/h2>\t\t\t\t<\/div>\n\t\t\t\t<\/div>\n\t\t\t\t<div class=\"elementor-element elementor-element-ae75f98 elementor-widget elementor-widget-text-editor\" data-id=\"ae75f98\" data-element_type=\"widget\" data-e-type=\"widget\" data-widget_type=\"text-editor.default\">\n\t\t\t\t<div class=\"elementor-widget-container\">\n\t\t\t\t\t\t\t\t\t<p>Este gabinete visa acompanhar direta e individualmente os alunos e as fam\u00edlias, que voluntariamente o procurem ou que sejam indicados pela comunidade escolar.<\/p><p>\u00c9 constitu\u00eddo por uma equipa multidisciplinar, composta por representantes do Agrupamento de Escolas de Nisa: Dire\u00e7\u00e3o, Psic\u00f3loga Escolar, Coordenadora do Projeto Educa\u00e7\u00e3o para a Sa\u00fade, Coordenadora de Educa\u00e7\u00e3o Especial, docente representante do Agrupamento na CPCJ e Coordenadora do GAAF.<\/p><p>Estamos na sala \u201cSEMIN\u00c1RIO 2 e 3&#8243;, no 1\u00ba andar do Centro Escolar, todos os dias , das 8h 30m \u00e0s 16h.<\/p><p><strong>Sempre que precisares de ajuda, n\u00e3o hesites em procurar-nos. Esperamos por ti\u2026<\/strong><\/p>\t\t\t\t\t\t\t\t<\/div>\n\t\t\t\t<\/div>\n\t\t\t\t<div class=\"elementor-element elementor-element-3b44487 elementor-widget elementor-widget-image\" data-id=\"3b44487\" data-element_type=\"widget\" data-e-type=\"widget\" data-widget_type=\"image.default\">\n\t\t\t\t<div class=\"elementor-widget-container\">\n\t\t\t\t\t\t\t\t\t\t\t\t\t\t\t\t<a href=\"\/wp-content\/uploads\/2024\/01\/folheto_gaf.pdf\">\n\t\t\t\t\t\t\t<img decoding=\"async\" width=\"507\" height=\"1024\" src=\"https:\/\/agrupamentonisa.edu.gov.pt\/site\/wp-content\/uploads\/2024\/01\/gaff1folhetofrente-507x1024.jpg\" class=\"attachment-large size-large wp-image-2272\" alt=\"\" srcset=\"https:\/\/agrupamentonisa.edu.gov.pt\/site\/wp-content\/uploads\/2024\/01\/gaff1folhetofrente-507x1024.jpg 507w, https:\/\/agrupamentonisa.edu.gov.pt\/site\/wp-content\/uploads\/2024\/01\/gaff1folhetofrente-149x300.jpg 149w, https:\/\/agrupamentonisa.edu.gov.pt\/site\/wp-content\/uploads\/2024\/01\/gaff1folhetofrente-768x1551.jpg 768w, https:\/\/agrupamentonisa.edu.gov.pt\/site\/wp-content\/uploads\/2024\/01\/gaff1folhetofrente-761x1536.jpg 761w, https:\/\/agrupamentonisa.edu.gov.pt\/site\/wp-content\/uploads\/2024\/01\/gaff1folhetofrente.jpg 832w\" sizes=\"(max-width: 507px) 100vw, 507px\" \/>\t\t\t\t\t\t\t\t<\/a>\n\t\t\t\t\t\t\t\t\t\t\t\t\t\t\t<\/div>\n\t\t\t\t<\/div>\n\t\t\t\t<div class=\"elementor-element elementor-element-76e0a22 elementor-button-info elementor-align-center elementor-widget elementor-widget-button\" data-id=\"76e0a22\" data-element_type=\"widget\" data-e-type=\"widget\" data-widget_type=\"button.default\">\n\t\t\t\t<div class=\"elementor-widget-container\">\n\t\t\t\t\t\t\t\t\t<div class=\"elementor-button-wrapper\">\n\t\t\t\t\t<a class=\"elementor-button elementor-button-link elementor-size-sm\" href=\"\/wp-content\/uploads\/2024\/01\/folheto_gaf.pdf\" target=\"_blank\">\n\t\t\t\t\t\t<span class=\"elementor-button-content-wrapper\">\n\t\t\t\t\t\t\t\t\t<span class=\"elementor-button-text\">Ver Folheto<\/span>\n\t\t\t\t\t<\/span>\n\t\t\t\t\t<\/a>\n\t\t\t\t<\/div>\n\t\t\t\t\t\t\t\t<\/div>\n\t\t\t\t<\/div>\n\t\t\t\t\t<\/div>\n\t\t\t\t<\/div>\n\t\t\t\t<\/div>\n\t\t","protected":false},"excerpt":{"rendered":"<p>Como ajudar o seu filho a estudar melhor Ver Folheto Diga n\u00e3o ao bullying Ver Folheto GAAF \u2013 Gabinete de&#8230;<\/p>\n","protected":false},"author":1,"featured_media":0,"parent":0,"menu_order":0,"comment_status":"closed","ping_status":"closed","template":"","meta":{"_lmt_disableupdate":"","_lmt_disable":"","footnotes":""},"class_list":["post-2268","page","type-page","status-publish","hentry"],"yoast_head":"<!-- This site is optimized with the Yoast SEO plugin v25.5 - https:\/\/yoast.com\/wordpress\/plugins\/seo\/ -->\n<title>Gabinete de Apoio ao Aluno e \u00e0 Fam\u00edlia - Agrupamento de Escolas Nisa<\/title>\n<meta name=\"robots\" content=\"index, follow, max-snippet:-1, max-image-preview:large, max-video-preview:-1\" \/>\n<link rel=\"canonical\" href=\"https:\/\/agrupamentonisa.edu.gov.pt\/site\/gabinete-de-apoio-ao-aluno-e-a-familia\/\" \/>\n<meta property=\"og:locale\" content=\"pt_PT\" \/>\n<meta property=\"og:type\" content=\"article\" \/>\n<meta property=\"og:title\" content=\"Gabinete de Apoio ao Aluno e \u00e0 Fam\u00edlia - Agrupamento de Escolas Nisa\" \/>\n<meta property=\"og:description\" content=\"Como ajudar o seu filho a estudar melhor Ver Folheto Diga n\u00e3o ao bullying Ver Folheto GAAF \u2013 Gabinete de...\" \/>\n<meta property=\"og:url\" content=\"https:\/\/agrupamentonisa.edu.gov.pt\/site\/gabinete-de-apoio-ao-aluno-e-a-familia\/\" \/>\n<meta property=\"og:site_name\" content=\"Agrupamento de Escolas Nisa\" \/>\n<meta property=\"article:publisher\" content=\"https:\/\/www.facebook.com\/p\/Agrupamento-de-Escolas-de-Nisa-100031784060549\/?locale=pt_PT\" \/>\n<meta property=\"article:modified_time\" content=\"2024-01-26T17:39:09+00:00\" \/>\n<meta property=\"og:image\" content=\"https:\/\/agrupamentonisa.edu.gov.pt\/site\/\/wp-content\/uploads\/2024\/01\/aprender-a-estudar_Page_1-1024x735.jpg\" \/>\n<meta name=\"twitter:card\" content=\"summary_large_image\" \/>\n<meta name=\"twitter:label1\" content=\"Tempo estimado de leitura\" \/>\n\t<meta name=\"twitter:data1\" content=\"1 minuto\" \/>\n<script type=\"application\/ld+json\" class=\"yoast-schema-graph\">{\"@context\":\"https:\/\/schema.org\",\"@graph\":[{\"@type\":\"WebPage\",\"@id\":\"https:\/\/agrupamentonisa.edu.gov.pt\/site\/gabinete-de-apoio-ao-aluno-e-a-familia\/\",\"url\":\"https:\/\/agrupamentonisa.edu.gov.pt\/site\/gabinete-de-apoio-ao-aluno-e-a-familia\/\",\"name\":\"Gabinete de Apoio ao Aluno e \u00e0 Fam\u00edlia - Agrupamento de Escolas Nisa\",\"isPartOf\":{\"@id\":\"https:\/\/agrupamentonisa.edu.gov.pt\/site\/#website\"},\"primaryImageOfPage\":{\"@id\":\"https:\/\/agrupamentonisa.edu.gov.pt\/site\/gabinete-de-apoio-ao-aluno-e-a-familia\/#primaryimage\"},\"image\":{\"@id\":\"https:\/\/agrupamentonisa.edu.gov.pt\/site\/gabinete-de-apoio-ao-aluno-e-a-familia\/#primaryimage\"},\"thumbnailUrl\":\"https:\/\/agrupamentonisa.edu.gov.pt\/site\/\/wp-content\/uploads\/2024\/01\/aprender-a-estudar_Page_1-1024x735.jpg\",\"datePublished\":\"2024-01-26T17:35:45+00:00\",\"dateModified\":\"2024-01-26T17:39:09+00:00\",\"breadcrumb\":{\"@id\":\"https:\/\/agrupamentonisa.edu.gov.pt\/site\/gabinete-de-apoio-ao-aluno-e-a-familia\/#breadcrumb\"},\"inLanguage\":\"pt-PT\",\"potentialAction\":[{\"@type\":\"ReadAction\",\"target\":[\"https:\/\/agrupamentonisa.edu.gov.pt\/site\/gabinete-de-apoio-ao-aluno-e-a-familia\/\"]}]},{\"@type\":\"ImageObject\",\"inLanguage\":\"pt-PT\",\"@id\":\"https:\/\/agrupamentonisa.edu.gov.pt\/site\/gabinete-de-apoio-ao-aluno-e-a-familia\/#primaryimage\",\"url\":\"https:\/\/agrupamentonisa.edu.gov.pt\/site\/\/wp-content\/uploads\/2024\/01\/aprender-a-estudar_Page_1-1024x735.jpg\",\"contentUrl\":\"https:\/\/agrupamentonisa.edu.gov.pt\/site\/\/wp-content\/uploads\/2024\/01\/aprender-a-estudar_Page_1-1024x735.jpg\"},{\"@type\":\"BreadcrumbList\",\"@id\":\"https:\/\/agrupamentonisa.edu.gov.pt\/site\/gabinete-de-apoio-ao-aluno-e-a-familia\/#breadcrumb\",\"itemListElement\":[{\"@type\":\"ListItem\",\"position\":1,\"name\":\"In\u00edcio\",\"item\":\"https:\/\/agrupamentonisa.edu.gov.pt\/site\/\"},{\"@type\":\"ListItem\",\"position\":2,\"name\":\"Gabinete de Apoio ao Aluno e \u00e0 Fam\u00edlia\"}]},{\"@type\":\"WebSite\",\"@id\":\"https:\/\/agrupamentonisa.edu.gov.pt\/site\/#website\",\"url\":\"https:\/\/agrupamentonisa.edu.gov.pt\/site\/\",\"name\":\"Agrupamento de Escolas Nisa\",\"description\":\"Site Escolar do Agrupamento de Escolas Nisa\",\"publisher\":{\"@id\":\"https:\/\/agrupamentonisa.edu.gov.pt\/site\/#organization\"},\"potentialAction\":[{\"@type\":\"SearchAction\",\"target\":{\"@type\":\"EntryPoint\",\"urlTemplate\":\"https:\/\/agrupamentonisa.edu.gov.pt\/site\/?s={search_term_string}\"},\"query-input\":{\"@type\":\"PropertyValueSpecification\",\"valueRequired\":true,\"valueName\":\"search_term_string\"}}],\"inLanguage\":\"pt-PT\"},{\"@type\":\"Organization\",\"@id\":\"https:\/\/agrupamentonisa.edu.gov.pt\/site\/#organization\",\"name\":\"Agrupamento de Escolas Nisa\",\"url\":\"https:\/\/agrupamentonisa.edu.gov.pt\/site\/\",\"logo\":{\"@type\":\"ImageObject\",\"inLanguage\":\"pt-PT\",\"@id\":\"https:\/\/agrupamentonisa.edu.gov.pt\/site\/#\/schema\/logo\/image\/\",\"url\":\"https:\/\/agrupamentonisa.edu.gov.pt\/site\/wp-content\/uploads\/2024\/03\/logo.png\",\"contentUrl\":\"https:\/\/agrupamentonisa.edu.gov.pt\/site\/wp-content\/uploads\/2024\/03\/logo.png\",\"width\":1086,\"height\":546,\"caption\":\"Agrupamento de Escolas Nisa\"},\"image\":{\"@id\":\"https:\/\/agrupamentonisa.edu.gov.pt\/site\/#\/schema\/logo\/image\/\"},\"sameAs\":[\"https:\/\/www.facebook.com\/p\/Agrupamento-de-Escolas-de-Nisa-100031784060549\/?locale=pt_PT\",\"https:\/\/www.youtube.com\/@canalyoutubeagrupamentonisa\"]}]}<\/script>\n<!-- \/ Yoast SEO plugin. -->","yoast_head_json":{"title":"Gabinete de Apoio ao Aluno e \u00e0 Fam\u00edlia - Agrupamento de Escolas Nisa","robots":{"index":"index","follow":"follow","max-snippet":"max-snippet:-1","max-image-preview":"max-image-preview:large","max-video-preview":"max-video-preview:-1"},"canonical":"https:\/\/agrupamentonisa.edu.gov.pt\/site\/gabinete-de-apoio-ao-aluno-e-a-familia\/","og_locale":"pt_PT","og_type":"article","og_title":"Gabinete de Apoio ao Aluno e \u00e0 Fam\u00edlia - Agrupamento de Escolas Nisa","og_description":"Como ajudar o seu filho a estudar melhor Ver Folheto Diga n\u00e3o ao bullying Ver Folheto GAAF \u2013 Gabinete de...","og_url":"https:\/\/agrupamentonisa.edu.gov.pt\/site\/gabinete-de-apoio-ao-aluno-e-a-familia\/","og_site_name":"Agrupamento de Escolas Nisa","article_publisher":"https:\/\/www.facebook.com\/p\/Agrupamento-de-Escolas-de-Nisa-100031784060549\/?locale=pt_PT","article_modified_time":"2024-01-26T17:39:09+00:00","og_image":[{"url":"https:\/\/agrupamentonisa.edu.gov.pt\/site\/\/wp-content\/uploads\/2024\/01\/aprender-a-estudar_Page_1-1024x735.jpg","type":"","width":"","height":""}],"twitter_card":"summary_large_image","twitter_misc":{"Tempo estimado de leitura":"1 minuto"},"schema":{"@context":"https:\/\/schema.org","@graph":[{"@type":"WebPage","@id":"https:\/\/agrupamentonisa.edu.gov.pt\/site\/gabinete-de-apoio-ao-aluno-e-a-familia\/","url":"https:\/\/agrupamentonisa.edu.gov.pt\/site\/gabinete-de-apoio-ao-aluno-e-a-familia\/","name":"Gabinete de Apoio ao Aluno e \u00e0 Fam\u00edlia - Agrupamento de Escolas Nisa","isPartOf":{"@id":"https:\/\/agrupamentonisa.edu.gov.pt\/site\/#website"},"primaryImageOfPage":{"@id":"https:\/\/agrupamentonisa.edu.gov.pt\/site\/gabinete-de-apoio-ao-aluno-e-a-familia\/#primaryimage"},"image":{"@id":"https:\/\/agrupamentonisa.edu.gov.pt\/site\/gabinete-de-apoio-ao-aluno-e-a-familia\/#primaryimage"},"thumbnailUrl":"https:\/\/agrupamentonisa.edu.gov.pt\/site\/\/wp-content\/uploads\/2024\/01\/aprender-a-estudar_Page_1-1024x735.jpg","datePublished":"2024-01-26T17:35:45+00:00","dateModified":"2024-01-26T17:39:09+00:00","breadcrumb":{"@id":"https:\/\/agrupamentonisa.edu.gov.pt\/site\/gabinete-de-apoio-ao-aluno-e-a-familia\/#breadcrumb"},"inLanguage":"pt-PT","potentialAction":[{"@type":"ReadAction","target":["https:\/\/agrupamentonisa.edu.gov.pt\/site\/gabinete-de-apoio-ao-aluno-e-a-familia\/"]}]},{"@type":"ImageObject","inLanguage":"pt-PT","@id":"https:\/\/agrupamentonisa.edu.gov.pt\/site\/gabinete-de-apoio-ao-aluno-e-a-familia\/#primaryimage","url":"https:\/\/agrupamentonisa.edu.gov.pt\/site\/\/wp-content\/uploads\/2024\/01\/aprender-a-estudar_Page_1-1024x735.jpg","contentUrl":"https:\/\/agrupamentonisa.edu.gov.pt\/site\/\/wp-content\/uploads\/2024\/01\/aprender-a-estudar_Page_1-1024x735.jpg"},{"@type":"BreadcrumbList","@id":"https:\/\/agrupamentonisa.edu.gov.pt\/site\/gabinete-de-apoio-ao-aluno-e-a-familia\/#breadcrumb","itemListElement":[{"@type":"ListItem","position":1,"name":"In\u00edcio","item":"https:\/\/agrupamentonisa.edu.gov.pt\/site\/"},{"@type":"ListItem","position":2,"name":"Gabinete de Apoio ao Aluno e \u00e0 Fam\u00edlia"}]},{"@type":"WebSite","@id":"https:\/\/agrupamentonisa.edu.gov.pt\/site\/#website","url":"https:\/\/agrupamentonisa.edu.gov.pt\/site\/","name":"Agrupamento de Escolas Nisa","description":"Site Escolar do Agrupamento de Escolas Nisa","publisher":{"@id":"https:\/\/agrupamentonisa.edu.gov.pt\/site\/#organization"},"potentialAction":[{"@type":"SearchAction","target":{"@type":"EntryPoint","urlTemplate":"https:\/\/agrupamentonisa.edu.gov.pt\/site\/?s={search_term_string}"},"query-input":{"@type":"PropertyValueSpecification","valueRequired":true,"valueName":"search_term_string"}}],"inLanguage":"pt-PT"},{"@type":"Organization","@id":"https:\/\/agrupamentonisa.edu.gov.pt\/site\/#organization","name":"Agrupamento de Escolas Nisa","url":"https:\/\/agrupamentonisa.edu.gov.pt\/site\/","logo":{"@type":"ImageObject","inLanguage":"pt-PT","@id":"https:\/\/agrupamentonisa.edu.gov.pt\/site\/#\/schema\/logo\/image\/","url":"https:\/\/agrupamentonisa.edu.gov.pt\/site\/wp-content\/uploads\/2024\/03\/logo.png","contentUrl":"https:\/\/agrupamentonisa.edu.gov.pt\/site\/wp-content\/uploads\/2024\/03\/logo.png","width":1086,"height":546,"caption":"Agrupamento de Escolas Nisa"},"image":{"@id":"https:\/\/agrupamentonisa.edu.gov.pt\/site\/#\/schema\/logo\/image\/"},"sameAs":["https:\/\/www.facebook.com\/p\/Agrupamento-de-Escolas-de-Nisa-100031784060549\/?locale=pt_PT","https:\/\/www.youtube.com\/@canalyoutubeagrupamentonisa"]}]}},"_links":{"self":[{"href":"https:\/\/agrupamentonisa.edu.gov.pt\/site\/wp-json\/wp\/v2\/pages\/2268","targetHints":{"allow":["GET"]}}],"collection":[{"href":"https:\/\/agrupamentonisa.edu.gov.pt\/site\/wp-json\/wp\/v2\/pages"}],"about":[{"href":"https:\/\/agrupamentonisa.edu.gov.pt\/site\/wp-json\/wp\/v2\/types\/page"}],"author":[{"embeddable":true,"href":"https:\/\/agrupamentonisa.edu.gov.pt\/site\/wp-json\/wp\/v2\/users\/1"}],"replies":[{"embeddable":true,"href":"https:\/\/agrupamentonisa.edu.gov.pt\/site\/wp-json\/wp\/v2\/comments?post=2268"}],"version-history":[{"count":13,"href":"https:\/\/agrupamentonisa.edu.gov.pt\/site\/wp-json\/wp\/v2\/pages\/2268\/revisions"}],"predecessor-version":[{"id":2284,"href":"https:\/\/agrupamentonisa.edu.gov.pt\/site\/wp-json\/wp\/v2\/pages\/2268\/revisions\/2284"}],"wp:attachment":[{"href":"https:\/\/agrupamentonisa.edu.gov.pt\/site\/wp-json\/wp\/v2\/media?parent=2268"}],"curies":[{"name":"wp","href":"https:\/\/api.w.org\/{rel}","templated":true}]}}