{"id":2259,"date":"2024-01-26T17:15:38","date_gmt":"2024-01-26T17:15:38","guid":{"rendered":"https:\/\/agrupamentonisa.edu.gov.pt\/site\/\/?page_id=2259"},"modified":"2024-01-26T17:25:46","modified_gmt":"2024-01-26T17:25:46","slug":"cpcj-nisa","status":"publish","type":"page","link":"https:\/\/agrupamentonisa.edu.gov.pt\/site\/cpcj-nisa\/","title":{"rendered":"CPCJ Nisa"},"content":{"rendered":"\t\t<div data-elementor-type=\"wp-page\" data-elementor-id=\"2259\" class=\"elementor elementor-2259\" data-elementor-post-type=\"page\">\n\t\t\t\t<div class=\"elementor-element elementor-element-6666a18 e-flex e-con-boxed e-con e-parent\" data-id=\"6666a18\" data-element_type=\"container\" data-e-type=\"container\">\n\t\t\t\t\t<div class=\"e-con-inner\">\n\t\t\t\t<div class=\"elementor-element elementor-element-e9f8a02 elementor-widget elementor-widget-image\" data-id=\"e9f8a02\" data-element_type=\"widget\" data-e-type=\"widget\" data-widget_type=\"image.default\">\n\t\t\t\t<div class=\"elementor-widget-container\">\n\t\t\t\t\t\t\t\t\t\t\t\t\t\t\t<img fetchpriority=\"high\" decoding=\"async\" width=\"581\" height=\"768\" src=\"https:\/\/agrupamentonisa.edu.gov.pt\/site\/wp-content\/uploads\/2024\/01\/cpcj_nisag.jpg\" class=\"attachment-large size-large wp-image-2261\" alt=\"\" srcset=\"https:\/\/agrupamentonisa.edu.gov.pt\/site\/wp-content\/uploads\/2024\/01\/cpcj_nisag.jpg 581w, https:\/\/agrupamentonisa.edu.gov.pt\/site\/wp-content\/uploads\/2024\/01\/cpcj_nisag-227x300.jpg 227w\" sizes=\"(max-width: 581px) 100vw, 581px\" \/>\t\t\t\t\t\t\t\t\t\t\t\t\t\t\t<\/div>\n\t\t\t\t<\/div>\n\t\t\t\t\t<\/div>\n\t\t\t\t<\/div>\n\t\t<div class=\"elementor-element elementor-element-4e08189 e-flex e-con-boxed e-con e-parent\" data-id=\"4e08189\" data-element_type=\"container\" data-e-type=\"container\">\n\t\t\t\t\t<div class=\"e-con-inner\">\n\t\t\t\t<div class=\"elementor-element elementor-element-92f7402 elementor-widget elementor-widget-heading\" data-id=\"92f7402\" data-element_type=\"widget\" data-e-type=\"widget\" data-widget_type=\"heading.default\">\n\t\t\t\t<div class=\"elementor-widget-container\">\n\t\t\t\t\t<h2 class=\"elementor-heading-title elementor-size-default\">Contactos<\/h2>\t\t\t\t<\/div>\n\t\t\t\t<\/div>\n\t\t\t\t<div class=\"elementor-element elementor-element-7a6cea5 elementor-widget elementor-widget-text-editor\" data-id=\"7a6cea5\" data-element_type=\"widget\" data-e-type=\"widget\" data-widget_type=\"text-editor.default\">\n\t\t\t\t<div class=\"elementor-widget-container\">\n\t\t\t\t\t\t\t\t\t<p>CPCJ &#8211; Nisa<\/p><p>Centro Escolar &#8211; Agrupamento de Escolas de Nisa<\/p><p>Telem\u00f3vel: 934 115 924<\/p><p>e-mail: <span id=\"cloak25665\"><a href=\"mailto:cpcjnisa@gmail.com\">cpcjnisa@gmail.com<\/a><\/span><\/p>\t\t\t\t\t\t\t\t<\/div>\n\t\t\t\t<\/div>\n\t\t\t\t\t<\/div>\n\t\t\t\t<\/div>\n\t\t<div class=\"elementor-element elementor-element-973cb1f e-flex e-con-boxed e-con e-parent\" data-id=\"973cb1f\" data-element_type=\"container\" data-e-type=\"container\">\n\t\t\t\t\t<div class=\"e-con-inner\">\n\t\t\t\t<div class=\"elementor-element elementor-element-1718939 elementor-widget elementor-widget-heading\" data-id=\"1718939\" data-element_type=\"widget\" data-e-type=\"widget\" data-widget_type=\"heading.default\">\n\t\t\t\t<div class=\"elementor-widget-container\">\n\t\t\t\t\t<h2 class=\"elementor-heading-title elementor-size-default\">O que s\u00e3o as CPCJ<\/h2>\t\t\t\t<\/div>\n\t\t\t\t<\/div>\n\t\t\t\t<div class=\"elementor-element elementor-element-ac079f2 elementor-widget elementor-widget-text-editor\" data-id=\"ac079f2\" data-element_type=\"widget\" data-e-type=\"widget\" data-widget_type=\"text-editor.default\">\n\t\t\t\t<div class=\"elementor-widget-container\">\n\t\t\t\t\t\t\t\t\t<p>As CPCJ criadas pela Lei 147\/99 de 1 de setembro, atrav\u00e9s da portaria conjunta do Minist\u00e9rio da Justi\u00e7a e do Minist\u00e9rio do Trabalho e da Solidariedade, s\u00e3o institui\u00e7\u00f5es oficiais n\u00e3o judici\u00e1rias com autonomia funcional, que exercem as atribui\u00e7\u00f5es em conformidade com a lei e deliberam com imparcialidade.<\/p>\t\t\t\t\t\t\t\t<\/div>\n\t\t\t\t<\/div>\n\t\t\t\t\t<\/div>\n\t\t\t\t<\/div>\n\t\t<div class=\"elementor-element elementor-element-ea28ac8 e-flex e-con-boxed e-con e-parent\" data-id=\"ea28ac8\" data-element_type=\"container\" data-e-type=\"container\">\n\t\t\t\t\t<div class=\"e-con-inner\">\n\t\t\t\t<div class=\"elementor-element elementor-element-1d98df7 elementor-widget elementor-widget-heading\" data-id=\"1d98df7\" data-element_type=\"widget\" data-e-type=\"widget\" data-widget_type=\"heading.default\">\n\t\t\t\t<div class=\"elementor-widget-container\">\n\t\t\t\t\t<h2 class=\"elementor-heading-title elementor-size-default\">Objetivos<\/h2>\t\t\t\t<\/div>\n\t\t\t\t<\/div>\n\t\t\t\t<div class=\"elementor-element elementor-element-eb34ea2 elementor-widget elementor-widget-text-editor\" data-id=\"eb34ea2\" data-element_type=\"widget\" data-e-type=\"widget\" data-widget_type=\"text-editor.default\">\n\t\t\t\t<div class=\"elementor-widget-container\">\n\t\t\t\t\t\t\t\t\t<p>A CPCJ tem como objetivo, por um lado, proteger as crian\u00e7as e os jovens, promovendo os seus direitos e garantindo o seu bem-estar, por outro, prevenir ou por termo a situa\u00e7\u00f5es suscet\u00edveis de afetarem o desenvolvimento das mesmas.<\/p>\t\t\t\t\t\t\t\t<\/div>\n\t\t\t\t<\/div>\n\t\t\t\t\t<\/div>\n\t\t\t\t<\/div>\n\t\t<div class=\"elementor-element elementor-element-38fd9f3 e-flex e-con-boxed e-con e-parent\" data-id=\"38fd9f3\" data-element_type=\"container\" data-e-type=\"container\">\n\t\t\t\t\t<div class=\"e-con-inner\">\n\t\t\t\t<div class=\"elementor-element elementor-element-67a99ef elementor-widget elementor-widget-heading\" data-id=\"67a99ef\" data-element_type=\"widget\" data-e-type=\"widget\" data-widget_type=\"heading.default\">\n\t\t\t\t<div class=\"elementor-widget-container\">\n\t\t\t\t\t<h2 class=\"elementor-heading-title elementor-size-default\">CPCJ Nisa<\/h2>\t\t\t\t<\/div>\n\t\t\t\t<\/div>\n\t\t\t\t<div class=\"elementor-element elementor-element-a6b5092 elementor-widget elementor-widget-text-editor\" data-id=\"a6b5092\" data-element_type=\"widget\" data-e-type=\"widget\" data-widget_type=\"text-editor.default\">\n\t\t\t\t<div class=\"elementor-widget-container\">\n\t\t\t\t\t\t\t\t\t<p>A CPCJ de Nisa foi criada pela portaria N\u00ba 294\/2003 de 16 de maio e abrange todo o Concelho de Nisa.<\/p><p>Est\u00e1 vocacionada para responder a pedidos de interven\u00e7\u00e3o\/sinaliza\u00e7\u00e3o de entidades, institui\u00e7\u00f5es ou pessoas, sempre que esteja em causa a seguran\u00e7a, bem-estar, educa\u00e7\u00e3o, sa\u00fade e forma\u00e7\u00e3o da crian\u00e7a e jovem.<\/p><h4>A comiss\u00e3o interv\u00e9m em situa\u00e7\u00f5es de:<\/h4><ul><li>&#8211; Abandono<\/li><li>&#8211; Maus tratos f\u00edsicos e psicol\u00f3gicos<\/li><li>&#8211; Neglig\u00eancia<\/li><li>&#8211; Atitudes que afetam a seguran\u00e7a e equil\u00edbrio emocional<\/li><li>&#8211; Comportamentos desviantes<\/li><\/ul><h4>A Comiss\u00e3o atua:<\/h4><ul><li>&#8211; Atendendo ao interesse superior da crian\u00e7a\/jovem<\/li><li>&#8211; Respeitando a privacidade da crian\u00e7a e jovem<\/li><li>&#8211; De forma adequada \u00e0 situa\u00e7\u00e3o de perigo<\/li><li>&#8211; Responsabilizando os pais ou respons\u00e1veis crian\u00e7a\/jovem<\/li><li>&#8211; Optando sempre que poss\u00edvel pela fam\u00edlia natural ou de ado\u00e7\u00e3o<\/li><\/ul><h4>A CPCJ Nisa \u00e9 constitu\u00edda pela:<\/h4><ul><li><strong>&#8211; Comiss\u00e3o Restrita (funciona em perman\u00eancia):<\/strong><ul><li>\u2022 Representante Seguran\u00e7a Social<\/li><li>\u2022 Representante Munic\u00edpio de Nisa<\/li><li>\u2022 Representante Minist\u00e9rio da Educa\u00e7\u00e3o<\/li><li>\u2022 Representante Centro de Sa\u00fade de Nisa<\/li><li>\u2022 Representante GNR<\/li><li>\u2022 Membros cooptados<\/li><\/ul><\/li><li><strong>&#8211; Comiss\u00e3o Alargada (funciona em plen\u00e1rio mensalmente):<\/strong><ul><li>\u2022 Todos os membros da comiss\u00e3o restrita<\/li><li>\u2022 Representante Santa Casa da Miseric\u00f3rdia de Nisa<\/li><li>\u2022 Representante Associa\u00e7\u00e3o de pais<\/li><li>\u2022 Representante Associa\u00e7\u00e3o de actividades desportivas, culturais e recreativas destinadas a crian\u00e7as ou jovens<\/li><li>\u2022 Quatro membros designados pela Assembleia Municipal de Nisa<\/li><\/ul><\/li><\/ul>\t\t\t\t\t\t\t\t<\/div>\n\t\t\t\t<\/div>\n\t\t\t\t\t<\/div>\n\t\t\t\t<\/div>\n\t\t<div class=\"elementor-element elementor-element-95bc528 e-flex e-con-boxed e-con e-parent\" data-id=\"95bc528\" data-element_type=\"container\" data-e-type=\"container\">\n\t\t\t\t\t<div class=\"e-con-inner\">\n\t\t\t\t<div class=\"elementor-element elementor-element-695961e elementor-widget elementor-widget-heading\" data-id=\"695961e\" data-element_type=\"widget\" data-e-type=\"widget\" data-widget_type=\"heading.default\">\n\t\t\t\t<div class=\"elementor-widget-container\">\n\t\t\t\t\t<h2 class=\"elementor-heading-title elementor-size-default\">P\u00e1gina Oficial<\/h2>\t\t\t\t<\/div>\n\t\t\t\t<\/div>\n\t\t\t\t<div class=\"elementor-element elementor-element-3960771 elementor-widget elementor-widget-facebook-page\" data-id=\"3960771\" data-element_type=\"widget\" data-e-type=\"widget\" data-widget_type=\"facebook-page.default\">\n\t\t\t\t<div class=\"elementor-widget-container\">\n\t\t\t\t\t<div class=\"elementor-facebook-widget fb-page\" data-href=\"https:\/\/www.facebook.com\/cpcjnisa\/\" data-tabs=\"timeline\" data-height=\"700px\" data-width=\"500px\" data-small-header=\"false\" data-hide-cover=\"false\" data-show-facepile=\"true\" data-hide-cta=\"false\" style=\"min-height: 1px;height:700px\"><\/div>\t\t\t\t<\/div>\n\t\t\t\t<\/div>\n\t\t\t\t\t<\/div>\n\t\t\t\t<\/div>\n\t\t\t\t<\/div>\n\t\t","protected":false},"excerpt":{"rendered":"<p>Contactos CPCJ &#8211; Nisa Centro Escolar &#8211; Agrupamento de Escolas de Nisa Telem\u00f3vel: 934 115 924 e-mail: cpcjnisa@gmail.com O que&#8230;<\/p>\n","protected":false},"author":1,"featured_media":0,"parent":0,"menu_order":0,"comment_status":"closed","ping_status":"closed","template":"","meta":{"_lmt_disableupdate":"","_lmt_disable":"","footnotes":""},"class_list":["post-2259","page","type-page","status-publish","hentry"],"yoast_head":"<!-- This site is optimized with the Yoast SEO plugin v25.5 - https:\/\/yoast.com\/wordpress\/plugins\/seo\/ -->\n<title>CPCJ Nisa - Agrupamento de Escolas Nisa<\/title>\n<meta name=\"robots\" content=\"index, follow, max-snippet:-1, max-image-preview:large, max-video-preview:-1\" \/>\n<link rel=\"canonical\" href=\"https:\/\/agrupamentonisa.edu.gov.pt\/site\/cpcj-nisa\/\" \/>\n<meta property=\"og:locale\" content=\"pt_PT\" \/>\n<meta property=\"og:type\" content=\"article\" \/>\n<meta property=\"og:title\" content=\"CPCJ Nisa - Agrupamento de Escolas Nisa\" \/>\n<meta property=\"og:description\" content=\"Contactos CPCJ &#8211; Nisa Centro Escolar &#8211; Agrupamento de Escolas de Nisa Telem\u00f3vel: 934 115 924 e-mail: cpcjnisa@gmail.com O que...\" \/>\n<meta property=\"og:url\" content=\"https:\/\/agrupamentonisa.edu.gov.pt\/site\/cpcj-nisa\/\" \/>\n<meta property=\"og:site_name\" content=\"Agrupamento de Escolas Nisa\" \/>\n<meta property=\"article:publisher\" content=\"https:\/\/www.facebook.com\/p\/Agrupamento-de-Escolas-de-Nisa-100031784060549\/?locale=pt_PT\" \/>\n<meta property=\"article:modified_time\" content=\"2024-01-26T17:25:46+00:00\" \/>\n<meta property=\"og:image\" content=\"https:\/\/agrupamentonisa.edu.gov.pt\/site\/\/wp-content\/uploads\/2024\/01\/cpcj_nisag.jpg\" \/>\n<meta name=\"twitter:card\" content=\"summary_large_image\" \/>\n<meta name=\"twitter:label1\" content=\"Tempo estimado de leitura\" \/>\n\t<meta name=\"twitter:data1\" content=\"2 minutos\" \/>\n<script type=\"application\/ld+json\" class=\"yoast-schema-graph\">{\"@context\":\"https:\/\/schema.org\",\"@graph\":[{\"@type\":\"WebPage\",\"@id\":\"https:\/\/agrupamentonisa.edu.gov.pt\/site\/cpcj-nisa\/\",\"url\":\"https:\/\/agrupamentonisa.edu.gov.pt\/site\/cpcj-nisa\/\",\"name\":\"CPCJ Nisa - Agrupamento de Escolas Nisa\",\"isPartOf\":{\"@id\":\"https:\/\/agrupamentonisa.edu.gov.pt\/site\/#website\"},\"primaryImageOfPage\":{\"@id\":\"https:\/\/agrupamentonisa.edu.gov.pt\/site\/cpcj-nisa\/#primaryimage\"},\"image\":{\"@id\":\"https:\/\/agrupamentonisa.edu.gov.pt\/site\/cpcj-nisa\/#primaryimage\"},\"thumbnailUrl\":\"https:\/\/agrupamentonisa.edu.gov.pt\/site\/\/wp-content\/uploads\/2024\/01\/cpcj_nisag.jpg\",\"datePublished\":\"2024-01-26T17:15:38+00:00\",\"dateModified\":\"2024-01-26T17:25:46+00:00\",\"breadcrumb\":{\"@id\":\"https:\/\/agrupamentonisa.edu.gov.pt\/site\/cpcj-nisa\/#breadcrumb\"},\"inLanguage\":\"pt-PT\",\"potentialAction\":[{\"@type\":\"ReadAction\",\"target\":[\"https:\/\/agrupamentonisa.edu.gov.pt\/site\/cpcj-nisa\/\"]}]},{\"@type\":\"ImageObject\",\"inLanguage\":\"pt-PT\",\"@id\":\"https:\/\/agrupamentonisa.edu.gov.pt\/site\/cpcj-nisa\/#primaryimage\",\"url\":\"https:\/\/agrupamentonisa.edu.gov.pt\/site\/\/wp-content\/uploads\/2024\/01\/cpcj_nisag.jpg\",\"contentUrl\":\"https:\/\/agrupamentonisa.edu.gov.pt\/site\/\/wp-content\/uploads\/2024\/01\/cpcj_nisag.jpg\"},{\"@type\":\"BreadcrumbList\",\"@id\":\"https:\/\/agrupamentonisa.edu.gov.pt\/site\/cpcj-nisa\/#breadcrumb\",\"itemListElement\":[{\"@type\":\"ListItem\",\"position\":1,\"name\":\"In\u00edcio\",\"item\":\"https:\/\/agrupamentonisa.edu.gov.pt\/site\/\"},{\"@type\":\"ListItem\",\"position\":2,\"name\":\"CPCJ Nisa\"}]},{\"@type\":\"WebSite\",\"@id\":\"https:\/\/agrupamentonisa.edu.gov.pt\/site\/#website\",\"url\":\"https:\/\/agrupamentonisa.edu.gov.pt\/site\/\",\"name\":\"Agrupamento de Escolas Nisa\",\"description\":\"Site Escolar do Agrupamento de Escolas Nisa\",\"publisher\":{\"@id\":\"https:\/\/agrupamentonisa.edu.gov.pt\/site\/#organization\"},\"potentialAction\":[{\"@type\":\"SearchAction\",\"target\":{\"@type\":\"EntryPoint\",\"urlTemplate\":\"https:\/\/agrupamentonisa.edu.gov.pt\/site\/?s={search_term_string}\"},\"query-input\":{\"@type\":\"PropertyValueSpecification\",\"valueRequired\":true,\"valueName\":\"search_term_string\"}}],\"inLanguage\":\"pt-PT\"},{\"@type\":\"Organization\",\"@id\":\"https:\/\/agrupamentonisa.edu.gov.pt\/site\/#organization\",\"name\":\"Agrupamento de Escolas Nisa\",\"url\":\"https:\/\/agrupamentonisa.edu.gov.pt\/site\/\",\"logo\":{\"@type\":\"ImageObject\",\"inLanguage\":\"pt-PT\",\"@id\":\"https:\/\/agrupamentonisa.edu.gov.pt\/site\/#\/schema\/logo\/image\/\",\"url\":\"https:\/\/agrupamentonisa.edu.gov.pt\/site\/wp-content\/uploads\/2024\/03\/logo.png\",\"contentUrl\":\"https:\/\/agrupamentonisa.edu.gov.pt\/site\/wp-content\/uploads\/2024\/03\/logo.png\",\"width\":1086,\"height\":546,\"caption\":\"Agrupamento de Escolas Nisa\"},\"image\":{\"@id\":\"https:\/\/agrupamentonisa.edu.gov.pt\/site\/#\/schema\/logo\/image\/\"},\"sameAs\":[\"https:\/\/www.facebook.com\/p\/Agrupamento-de-Escolas-de-Nisa-100031784060549\/?locale=pt_PT\",\"https:\/\/www.youtube.com\/@canalyoutubeagrupamentonisa\"]}]}<\/script>\n<!-- \/ Yoast SEO plugin. -->","yoast_head_json":{"title":"CPCJ Nisa - Agrupamento de Escolas Nisa","robots":{"index":"index","follow":"follow","max-snippet":"max-snippet:-1","max-image-preview":"max-image-preview:large","max-video-preview":"max-video-preview:-1"},"canonical":"https:\/\/agrupamentonisa.edu.gov.pt\/site\/cpcj-nisa\/","og_locale":"pt_PT","og_type":"article","og_title":"CPCJ Nisa - Agrupamento de Escolas Nisa","og_description":"Contactos CPCJ &#8211; Nisa Centro Escolar &#8211; Agrupamento de Escolas de Nisa Telem\u00f3vel: 934 115 924 e-mail: cpcjnisa@gmail.com O que...","og_url":"https:\/\/agrupamentonisa.edu.gov.pt\/site\/cpcj-nisa\/","og_site_name":"Agrupamento de Escolas Nisa","article_publisher":"https:\/\/www.facebook.com\/p\/Agrupamento-de-Escolas-de-Nisa-100031784060549\/?locale=pt_PT","article_modified_time":"2024-01-26T17:25:46+00:00","og_image":[{"url":"https:\/\/agrupamentonisa.edu.gov.pt\/site\/\/wp-content\/uploads\/2024\/01\/cpcj_nisag.jpg","type":"","width":"","height":""}],"twitter_card":"summary_large_image","twitter_misc":{"Tempo estimado de leitura":"2 minutos"},"schema":{"@context":"https:\/\/schema.org","@graph":[{"@type":"WebPage","@id":"https:\/\/agrupamentonisa.edu.gov.pt\/site\/cpcj-nisa\/","url":"https:\/\/agrupamentonisa.edu.gov.pt\/site\/cpcj-nisa\/","name":"CPCJ Nisa - Agrupamento de Escolas Nisa","isPartOf":{"@id":"https:\/\/agrupamentonisa.edu.gov.pt\/site\/#website"},"primaryImageOfPage":{"@id":"https:\/\/agrupamentonisa.edu.gov.pt\/site\/cpcj-nisa\/#primaryimage"},"image":{"@id":"https:\/\/agrupamentonisa.edu.gov.pt\/site\/cpcj-nisa\/#primaryimage"},"thumbnailUrl":"https:\/\/agrupamentonisa.edu.gov.pt\/site\/\/wp-content\/uploads\/2024\/01\/cpcj_nisag.jpg","datePublished":"2024-01-26T17:15:38+00:00","dateModified":"2024-01-26T17:25:46+00:00","breadcrumb":{"@id":"https:\/\/agrupamentonisa.edu.gov.pt\/site\/cpcj-nisa\/#breadcrumb"},"inLanguage":"pt-PT","potentialAction":[{"@type":"ReadAction","target":["https:\/\/agrupamentonisa.edu.gov.pt\/site\/cpcj-nisa\/"]}]},{"@type":"ImageObject","inLanguage":"pt-PT","@id":"https:\/\/agrupamentonisa.edu.gov.pt\/site\/cpcj-nisa\/#primaryimage","url":"https:\/\/agrupamentonisa.edu.gov.pt\/site\/\/wp-content\/uploads\/2024\/01\/cpcj_nisag.jpg","contentUrl":"https:\/\/agrupamentonisa.edu.gov.pt\/site\/\/wp-content\/uploads\/2024\/01\/cpcj_nisag.jpg"},{"@type":"BreadcrumbList","@id":"https:\/\/agrupamentonisa.edu.gov.pt\/site\/cpcj-nisa\/#breadcrumb","itemListElement":[{"@type":"ListItem","position":1,"name":"In\u00edcio","item":"https:\/\/agrupamentonisa.edu.gov.pt\/site\/"},{"@type":"ListItem","position":2,"name":"CPCJ Nisa"}]},{"@type":"WebSite","@id":"https:\/\/agrupamentonisa.edu.gov.pt\/site\/#website","url":"https:\/\/agrupamentonisa.edu.gov.pt\/site\/","name":"Agrupamento de Escolas Nisa","description":"Site Escolar do Agrupamento de Escolas Nisa","publisher":{"@id":"https:\/\/agrupamentonisa.edu.gov.pt\/site\/#organization"},"potentialAction":[{"@type":"SearchAction","target":{"@type":"EntryPoint","urlTemplate":"https:\/\/agrupamentonisa.edu.gov.pt\/site\/?s={search_term_string}"},"query-input":{"@type":"PropertyValueSpecification","valueRequired":true,"valueName":"search_term_string"}}],"inLanguage":"pt-PT"},{"@type":"Organization","@id":"https:\/\/agrupamentonisa.edu.gov.pt\/site\/#organization","name":"Agrupamento de Escolas Nisa","url":"https:\/\/agrupamentonisa.edu.gov.pt\/site\/","logo":{"@type":"ImageObject","inLanguage":"pt-PT","@id":"https:\/\/agrupamentonisa.edu.gov.pt\/site\/#\/schema\/logo\/image\/","url":"https:\/\/agrupamentonisa.edu.gov.pt\/site\/wp-content\/uploads\/2024\/03\/logo.png","contentUrl":"https:\/\/agrupamentonisa.edu.gov.pt\/site\/wp-content\/uploads\/2024\/03\/logo.png","width":1086,"height":546,"caption":"Agrupamento de Escolas Nisa"},"image":{"@id":"https:\/\/agrupamentonisa.edu.gov.pt\/site\/#\/schema\/logo\/image\/"},"sameAs":["https:\/\/www.facebook.com\/p\/Agrupamento-de-Escolas-de-Nisa-100031784060549\/?locale=pt_PT","https:\/\/www.youtube.com\/@canalyoutubeagrupamentonisa"]}]}},"_links":{"self":[{"href":"https:\/\/agrupamentonisa.edu.gov.pt\/site\/wp-json\/wp\/v2\/pages\/2259","targetHints":{"allow":["GET"]}}],"collection":[{"href":"https:\/\/agrupamentonisa.edu.gov.pt\/site\/wp-json\/wp\/v2\/pages"}],"about":[{"href":"https:\/\/agrupamentonisa.edu.gov.pt\/site\/wp-json\/wp\/v2\/types\/page"}],"author":[{"embeddable":true,"href":"https:\/\/agrupamentonisa.edu.gov.pt\/site\/wp-json\/wp\/v2\/users\/1"}],"replies":[{"embeddable":true,"href":"https:\/\/agrupamentonisa.edu.gov.pt\/site\/wp-json\/wp\/v2\/comments?post=2259"}],"version-history":[{"count":7,"href":"https:\/\/agrupamentonisa.edu.gov.pt\/site\/wp-json\/wp\/v2\/pages\/2259\/revisions"}],"predecessor-version":[{"id":2267,"href":"https:\/\/agrupamentonisa.edu.gov.pt\/site\/wp-json\/wp\/v2\/pages\/2259\/revisions\/2267"}],"wp:attachment":[{"href":"https:\/\/agrupamentonisa.edu.gov.pt\/site\/wp-json\/wp\/v2\/media?parent=2259"}],"curies":[{"name":"wp","href":"https:\/\/api.w.org\/{rel}","templated":true}]}}