{"id":2198,"date":"2024-01-26T16:22:17","date_gmt":"2024-01-26T16:22:17","guid":{"rendered":"https:\/\/agrupamentonisa.edu.gov.pt\/site\/\/?page_id=2198"},"modified":"2024-06-19T09:37:07","modified_gmt":"2024-06-19T09:37:07","slug":"jardim-infancia-de-tolosa","status":"publish","type":"page","link":"https:\/\/agrupamentonisa.edu.gov.pt\/site\/jardim-infancia-de-tolosa\/","title":{"rendered":"Jardim de Inf\u00e2ncia de Tolosa"},"content":{"rendered":"\t\t<div data-elementor-type=\"wp-page\" data-elementor-id=\"2198\" class=\"elementor elementor-2198\" data-elementor-post-type=\"page\">\n\t\t\t\t<div class=\"elementor-element elementor-element-87cc612 e-con-full e-flex e-con e-parent\" data-id=\"87cc612\" data-element_type=\"container\" data-e-type=\"container\">\n\t\t\t\t<div class=\"elementor-element elementor-element-80dc6a4 elementor-widget elementor-widget-heading\" data-id=\"80dc6a4\" data-element_type=\"widget\" data-e-type=\"widget\" data-widget_type=\"heading.default\">\n\t\t\t\t<div class=\"elementor-widget-container\">\n\t\t\t\t\t<h2 class=\"elementor-heading-title elementor-size-default\">Historial do Jardim de Inf\u00e2ncia B\u00e1sica de Tolosa<\/h2>\t\t\t\t<\/div>\n\t\t\t\t<\/div>\n\t\t\t\t<div class=\"elementor-element elementor-element-ec1f3f2 elementor-widget elementor-widget-text-editor\" data-id=\"ec1f3f2\" data-element_type=\"widget\" data-e-type=\"widget\" data-widget_type=\"text-editor.default\">\n\t\t\t\t<div class=\"elementor-widget-container\">\n\t\t\t\t\t\t\t\t\t<p>Na sua obra <em>A Escola Prim\u00e1ria no Distrito de Portalegre<\/em>, Dion\u00edsio Cebola refere o seguinte: \u201cNa \u00e9poca de 1892\/93, leccionava Manuel Gr\u00e1cio, provido em 9.Set.875.<\/p><p>Em 19. Ago.897 a Ant\u00f3nio Cordeiro foi paga quantia de 7$000 r\u00e9is por semestre pelo arredamento de uma casa para a escola e habita\u00e7\u00e3o do professor.<\/p><p>Em 30.Mai.898 a C\u00e2mara Municipal de Nisa pedia, \u00e0 sua cong\u00e9nere do Crato, o fornecimento de mob\u00edlia e utens\u00edlios para a escola feminina visto que pertencia ao concelho do Crato quando foi criada.<\/p><p>A escola masculina funcionou num pr\u00e9dio, junto \u00e0 actual torre do rel\u00f3gio e a escola feminina funcionou num pr\u00e9dio com porta para a Travessa da Igreja.<\/p><p>Em 3.Jul.904, a Ant\u00f3nio Narciso, foi adjudicada, pela quantia de 4 554$000 r\u00e9is, a empreitada de constru\u00e7\u00e3o do edif\u00edcio escolar do Ad\u00e3es Bermudes, com duas salas de aulas e duas moradias. A Junta Par\u00f3quia de Tolosa contribui com a quantia de 200$000 r\u00e9is e os senhores dr. Francisco Telo Gon\u00e7alves e Jo\u00e3o Matos Rosa Biscaia ofereceram o terreno.<\/p><p>Desde 1.Out.960, passou a ser utilizado o edif\u00edcio escolar do tipo Plano dos Centen\u00e1rios, geminado, com quatro salas de aula, na Rua do Chabouco.<\/p><p>Em 23.Nov.998, o Minist\u00e9rio do Trabalho e Solidariedade Social, pela quantia de 1 800 000$00, adquiriu o antigo edif\u00edcio escolar que havia beneficiado de obras de remodela\u00e7\u00e3o para funcionamento do Centro Social de Tolosa.\u201d\u00a0<\/p>\t\t\t\t\t\t\t\t<\/div>\n\t\t\t\t<\/div>\n\t\t\t\t<\/div>\n\t\t<div class=\"elementor-element elementor-element-bd85931 e-con-full e-flex e-con e-parent\" data-id=\"bd85931\" data-element_type=\"container\" data-e-type=\"container\" data-settings=\"{&quot;background_background&quot;:&quot;classic&quot;}\">\n\t\t\t\t<div class=\"elementor-element elementor-element-04e49d7 elementor-widget elementor-widget-shortcode\" data-id=\"04e49d7\" data-element_type=\"widget\" data-e-type=\"widget\" data-widget_type=\"shortcode.default\">\n\t\t\t\t<div class=\"elementor-widget-container\">\n\t\t\t\t\t\t\t<div class=\"elementor-shortcode\">Data da \u00faltima altera\u00e7\u00e3o 19 de Junho, 2024<\/div>\n\t\t\t\t\t\t<\/div>\n\t\t\t\t<\/div>\n\t\t\t\t<\/div>\n\t\t\t\t<\/div>\n\t\t","protected":false},"excerpt":{"rendered":"<p>Historial do Jardim de Inf\u00e2ncia B\u00e1sica de Tolosa Na sua obra A Escola Prim\u00e1ria no Distrito de Portalegre, Dion\u00edsio Cebola&#8230;<\/p>\n","protected":false},"author":1,"featured_media":0,"parent":0,"menu_order":0,"comment_status":"closed","ping_status":"closed","template":"","meta":{"_lmt_disableupdate":"","_lmt_disable":"","footnotes":""},"class_list":["post-2198","page","type-page","status-publish","hentry"],"yoast_head":"<!-- This site is optimized with the Yoast SEO plugin v25.5 - https:\/\/yoast.com\/wordpress\/plugins\/seo\/ -->\n<title>Jardim de Inf\u00e2ncia de Tolosa - Agrupamento de Escolas Nisa<\/title>\n<meta name=\"robots\" content=\"index, follow, max-snippet:-1, max-image-preview:large, max-video-preview:-1\" \/>\n<link rel=\"canonical\" href=\"https:\/\/agrupamentonisa.edu.gov.pt\/site\/jardim-infancia-de-tolosa\/\" \/>\n<meta property=\"og:locale\" content=\"pt_PT\" \/>\n<meta property=\"og:type\" content=\"article\" \/>\n<meta property=\"og:title\" content=\"Jardim de Inf\u00e2ncia de Tolosa - Agrupamento de Escolas Nisa\" \/>\n<meta property=\"og:description\" content=\"Historial do Jardim de Inf\u00e2ncia B\u00e1sica de Tolosa Na sua obra A Escola Prim\u00e1ria no Distrito de Portalegre, Dion\u00edsio Cebola...\" \/>\n<meta property=\"og:url\" content=\"https:\/\/agrupamentonisa.edu.gov.pt\/site\/jardim-infancia-de-tolosa\/\" \/>\n<meta property=\"og:site_name\" content=\"Agrupamento de Escolas Nisa\" \/>\n<meta property=\"article:publisher\" content=\"https:\/\/www.facebook.com\/p\/Agrupamento-de-Escolas-de-Nisa-100031784060549\/?locale=pt_PT\" \/>\n<meta property=\"article:modified_time\" content=\"2024-06-19T09:37:07+00:00\" \/>\n<meta name=\"twitter:card\" content=\"summary_large_image\" \/>\n<meta name=\"twitter:label1\" content=\"Tempo estimado de leitura\" \/>\n\t<meta name=\"twitter:data1\" content=\"1 minuto\" \/>\n<script type=\"application\/ld+json\" class=\"yoast-schema-graph\">{\"@context\":\"https:\/\/schema.org\",\"@graph\":[{\"@type\":\"WebPage\",\"@id\":\"https:\/\/agrupamentonisa.edu.gov.pt\/site\/jardim-infancia-de-tolosa\/\",\"url\":\"https:\/\/agrupamentonisa.edu.gov.pt\/site\/jardim-infancia-de-tolosa\/\",\"name\":\"Jardim de Inf\u00e2ncia de Tolosa - Agrupamento de Escolas Nisa\",\"isPartOf\":{\"@id\":\"https:\/\/agrupamentonisa.edu.gov.pt\/site\/#website\"},\"datePublished\":\"2024-01-26T16:22:17+00:00\",\"dateModified\":\"2024-06-19T09:37:07+00:00\",\"breadcrumb\":{\"@id\":\"https:\/\/agrupamentonisa.edu.gov.pt\/site\/jardim-infancia-de-tolosa\/#breadcrumb\"},\"inLanguage\":\"pt-PT\",\"potentialAction\":[{\"@type\":\"ReadAction\",\"target\":[\"https:\/\/agrupamentonisa.edu.gov.pt\/site\/jardim-infancia-de-tolosa\/\"]}]},{\"@type\":\"BreadcrumbList\",\"@id\":\"https:\/\/agrupamentonisa.edu.gov.pt\/site\/jardim-infancia-de-tolosa\/#breadcrumb\",\"itemListElement\":[{\"@type\":\"ListItem\",\"position\":1,\"name\":\"In\u00edcio\",\"item\":\"https:\/\/agrupamentonisa.edu.gov.pt\/site\/\"},{\"@type\":\"ListItem\",\"position\":2,\"name\":\"Jardim de Inf\u00e2ncia de Tolosa\"}]},{\"@type\":\"WebSite\",\"@id\":\"https:\/\/agrupamentonisa.edu.gov.pt\/site\/#website\",\"url\":\"https:\/\/agrupamentonisa.edu.gov.pt\/site\/\",\"name\":\"Agrupamento de Escolas Nisa\",\"description\":\"Site Escolar do Agrupamento de Escolas Nisa\",\"publisher\":{\"@id\":\"https:\/\/agrupamentonisa.edu.gov.pt\/site\/#organization\"},\"potentialAction\":[{\"@type\":\"SearchAction\",\"target\":{\"@type\":\"EntryPoint\",\"urlTemplate\":\"https:\/\/agrupamentonisa.edu.gov.pt\/site\/?s={search_term_string}\"},\"query-input\":{\"@type\":\"PropertyValueSpecification\",\"valueRequired\":true,\"valueName\":\"search_term_string\"}}],\"inLanguage\":\"pt-PT\"},{\"@type\":\"Organization\",\"@id\":\"https:\/\/agrupamentonisa.edu.gov.pt\/site\/#organization\",\"name\":\"Agrupamento de Escolas Nisa\",\"url\":\"https:\/\/agrupamentonisa.edu.gov.pt\/site\/\",\"logo\":{\"@type\":\"ImageObject\",\"inLanguage\":\"pt-PT\",\"@id\":\"https:\/\/agrupamentonisa.edu.gov.pt\/site\/#\/schema\/logo\/image\/\",\"url\":\"https:\/\/agrupamentonisa.edu.gov.pt\/site\/wp-content\/uploads\/2024\/03\/logo.png\",\"contentUrl\":\"https:\/\/agrupamentonisa.edu.gov.pt\/site\/wp-content\/uploads\/2024\/03\/logo.png\",\"width\":1086,\"height\":546,\"caption\":\"Agrupamento de Escolas Nisa\"},\"image\":{\"@id\":\"https:\/\/agrupamentonisa.edu.gov.pt\/site\/#\/schema\/logo\/image\/\"},\"sameAs\":[\"https:\/\/www.facebook.com\/p\/Agrupamento-de-Escolas-de-Nisa-100031784060549\/?locale=pt_PT\",\"https:\/\/www.youtube.com\/@canalyoutubeagrupamentonisa\"]}]}<\/script>\n<!-- \/ Yoast SEO plugin. -->","yoast_head_json":{"title":"Jardim de Inf\u00e2ncia de Tolosa - Agrupamento de Escolas Nisa","robots":{"index":"index","follow":"follow","max-snippet":"max-snippet:-1","max-image-preview":"max-image-preview:large","max-video-preview":"max-video-preview:-1"},"canonical":"https:\/\/agrupamentonisa.edu.gov.pt\/site\/jardim-infancia-de-tolosa\/","og_locale":"pt_PT","og_type":"article","og_title":"Jardim de Inf\u00e2ncia de Tolosa - Agrupamento de Escolas Nisa","og_description":"Historial do Jardim de Inf\u00e2ncia B\u00e1sica de Tolosa Na sua obra A Escola Prim\u00e1ria no Distrito de Portalegre, Dion\u00edsio Cebola...","og_url":"https:\/\/agrupamentonisa.edu.gov.pt\/site\/jardim-infancia-de-tolosa\/","og_site_name":"Agrupamento de Escolas Nisa","article_publisher":"https:\/\/www.facebook.com\/p\/Agrupamento-de-Escolas-de-Nisa-100031784060549\/?locale=pt_PT","article_modified_time":"2024-06-19T09:37:07+00:00","twitter_card":"summary_large_image","twitter_misc":{"Tempo estimado de leitura":"1 minuto"},"schema":{"@context":"https:\/\/schema.org","@graph":[{"@type":"WebPage","@id":"https:\/\/agrupamentonisa.edu.gov.pt\/site\/jardim-infancia-de-tolosa\/","url":"https:\/\/agrupamentonisa.edu.gov.pt\/site\/jardim-infancia-de-tolosa\/","name":"Jardim de Inf\u00e2ncia de Tolosa - Agrupamento de Escolas Nisa","isPartOf":{"@id":"https:\/\/agrupamentonisa.edu.gov.pt\/site\/#website"},"datePublished":"2024-01-26T16:22:17+00:00","dateModified":"2024-06-19T09:37:07+00:00","breadcrumb":{"@id":"https:\/\/agrupamentonisa.edu.gov.pt\/site\/jardim-infancia-de-tolosa\/#breadcrumb"},"inLanguage":"pt-PT","potentialAction":[{"@type":"ReadAction","target":["https:\/\/agrupamentonisa.edu.gov.pt\/site\/jardim-infancia-de-tolosa\/"]}]},{"@type":"BreadcrumbList","@id":"https:\/\/agrupamentonisa.edu.gov.pt\/site\/jardim-infancia-de-tolosa\/#breadcrumb","itemListElement":[{"@type":"ListItem","position":1,"name":"In\u00edcio","item":"https:\/\/agrupamentonisa.edu.gov.pt\/site\/"},{"@type":"ListItem","position":2,"name":"Jardim de Inf\u00e2ncia de Tolosa"}]},{"@type":"WebSite","@id":"https:\/\/agrupamentonisa.edu.gov.pt\/site\/#website","url":"https:\/\/agrupamentonisa.edu.gov.pt\/site\/","name":"Agrupamento de Escolas Nisa","description":"Site Escolar do Agrupamento de Escolas Nisa","publisher":{"@id":"https:\/\/agrupamentonisa.edu.gov.pt\/site\/#organization"},"potentialAction":[{"@type":"SearchAction","target":{"@type":"EntryPoint","urlTemplate":"https:\/\/agrupamentonisa.edu.gov.pt\/site\/?s={search_term_string}"},"query-input":{"@type":"PropertyValueSpecification","valueRequired":true,"valueName":"search_term_string"}}],"inLanguage":"pt-PT"},{"@type":"Organization","@id":"https:\/\/agrupamentonisa.edu.gov.pt\/site\/#organization","name":"Agrupamento de Escolas Nisa","url":"https:\/\/agrupamentonisa.edu.gov.pt\/site\/","logo":{"@type":"ImageObject","inLanguage":"pt-PT","@id":"https:\/\/agrupamentonisa.edu.gov.pt\/site\/#\/schema\/logo\/image\/","url":"https:\/\/agrupamentonisa.edu.gov.pt\/site\/wp-content\/uploads\/2024\/03\/logo.png","contentUrl":"https:\/\/agrupamentonisa.edu.gov.pt\/site\/wp-content\/uploads\/2024\/03\/logo.png","width":1086,"height":546,"caption":"Agrupamento de Escolas Nisa"},"image":{"@id":"https:\/\/agrupamentonisa.edu.gov.pt\/site\/#\/schema\/logo\/image\/"},"sameAs":["https:\/\/www.facebook.com\/p\/Agrupamento-de-Escolas-de-Nisa-100031784060549\/?locale=pt_PT","https:\/\/www.youtube.com\/@canalyoutubeagrupamentonisa"]}]}},"_links":{"self":[{"href":"https:\/\/agrupamentonisa.edu.gov.pt\/site\/wp-json\/wp\/v2\/pages\/2198","targetHints":{"allow":["GET"]}}],"collection":[{"href":"https:\/\/agrupamentonisa.edu.gov.pt\/site\/wp-json\/wp\/v2\/pages"}],"about":[{"href":"https:\/\/agrupamentonisa.edu.gov.pt\/site\/wp-json\/wp\/v2\/types\/page"}],"author":[{"embeddable":true,"href":"https:\/\/agrupamentonisa.edu.gov.pt\/site\/wp-json\/wp\/v2\/users\/1"}],"replies":[{"embeddable":true,"href":"https:\/\/agrupamentonisa.edu.gov.pt\/site\/wp-json\/wp\/v2\/comments?post=2198"}],"version-history":[{"count":11,"href":"https:\/\/agrupamentonisa.edu.gov.pt\/site\/wp-json\/wp\/v2\/pages\/2198\/revisions"}],"predecessor-version":[{"id":3607,"href":"https:\/\/agrupamentonisa.edu.gov.pt\/site\/wp-json\/wp\/v2\/pages\/2198\/revisions\/3607"}],"wp:attachment":[{"href":"https:\/\/agrupamentonisa.edu.gov.pt\/site\/wp-json\/wp\/v2\/media?parent=2198"}],"curies":[{"name":"wp","href":"https:\/\/api.w.org\/{rel}","templated":true}]}}